{"id":50601,"date":"2019-11-19T17:00:02","date_gmt":"2019-11-19T16:00:02","guid":{"rendered":"https:\/\/www.fbcv.es\/events\/clinic-entrenadores-fbcv-entrenando-con\/"},"modified":"2019-12-21T09:15:11","modified_gmt":"2019-12-21T08:15:11","slug":"ticket-clinic-fbcv-29-12-2019-adrian-silla-copy","status":"publish","type":"product","link":"https:\/\/www.fbcv.es\/va\/product\/ticket-clinic-fbcv-29-12-2019-adrian-silla-copy\/","title":{"rendered":"Ticket: Clinic FBCV 22\/12\/2019 Entrenando con&#8230; Miguel \u00c1ngel Molina"},"content":{"rendered":"<p>Este ticket debe ser proporcionado al responsable de la actividad ya sea v\u00eda m\u00f3vil o impreso para proceder a la lectura del QR y verificar la asistencia a la formaci\u00f3n.<\/p>","protected":false},"excerpt":{"rendered":"<p>Este ticket debe ser proporcionado al responsable de la actividad ya sea v\u00eda m\u00f3vil o impreso para proceder a la lectura del QR y verificar la asistencia a la formaci\u00f3n.<\/p>","protected":false},"featured_media":0,"template":"","meta":{"_acf_changed":false,"_monsterinsights_skip_tracking":false,"_monsterinsights_sitenote_active":false,"_monsterinsights_sitenote_note":"","_monsterinsights_sitenote_category":0},"product_cat":[3650],"product_tag":[],"acf":[],"yoast_head":"<!-- This site is optimized with the Yoast SEO Premium plugin v23.0 (Yoast SEO v23.0) - https:\/\/yoast.com\/wordpress\/plugins\/seo\/ -->\n<title>Ticket: Clinic FBCV 22\/12\/2019 Entrenando con... Miguel \u00c1ngel Molina - FBCV<\/title>\n<meta name=\"robots\" content=\"index, follow, max-snippet:-1, max-image-preview:large, max-video-preview:-1\" \/>\n<link rel=\"canonical\" href=\"https:\/\/www.fbcv.es\/va\/product\/ticket-clinic-fbcv-29-12-2019-adrian-silla-copy\/\" \/>\n<meta property=\"og:locale\" content=\"en_US\" \/>\n<meta property=\"og:type\" content=\"article\" \/>\n<meta property=\"og:title\" content=\"Ticket: Clinic FBCV 22\/12\/2019 Entrenando con... Miguel \u00c1ngel Molina\" \/>\n<meta property=\"og:description\" content=\"Este ticket debe ser proporcionado al responsable de la actividad ya sea v\u00eda m\u00f3vil o impreso para proceder a la lectura del QR y verificar la asistencia a la formaci\u00f3n.\" \/>\n<meta property=\"og:url\" content=\"https:\/\/www.fbcv.es\/va\/product\/ticket-clinic-fbcv-29-12-2019-adrian-silla-copy\/\" \/>\n<meta property=\"og:site_name\" content=\"FBCV\" \/>\n<meta property=\"article:modified_time\" content=\"2019-12-21T08:15:11+00:00\" \/>\n<meta name=\"twitter:card\" content=\"summary_large_image\" \/>\n<script type=\"application\/ld+json\" class=\"yoast-schema-graph\">{\"@context\":\"https:\/\/schema.org\",\"@graph\":[{\"@type\":\"WebPage\",\"@id\":\"https:\/\/www.fbcv.es\/product\/ticket-clinic-fbcv-29-12-2019-adrian-silla-copy\/\",\"url\":\"https:\/\/www.fbcv.es\/product\/ticket-clinic-fbcv-29-12-2019-adrian-silla-copy\/\",\"name\":\"Ticket: Clinic FBCV 22\/12\/2019 Entrenando con... Miguel \u00c1ngel Molina - FBCV\",\"isPartOf\":{\"@id\":\"https:\/\/www.fbcv.es\/#website\"},\"datePublished\":\"2019-11-19T16:00:02+00:00\",\"dateModified\":\"2019-12-21T08:15:11+00:00\",\"breadcrumb\":{\"@id\":\"https:\/\/www.fbcv.es\/product\/ticket-clinic-fbcv-29-12-2019-adrian-silla-copy\/#breadcrumb\"},\"inLanguage\":\"va-ES\",\"potentialAction\":[{\"@type\":\"ReadAction\",\"target\":[\"https:\/\/www.fbcv.es\/product\/ticket-clinic-fbcv-29-12-2019-adrian-silla-copy\/\"]}]},{\"@type\":\"BreadcrumbList\",\"@id\":\"https:\/\/www.fbcv.es\/product\/ticket-clinic-fbcv-29-12-2019-adrian-silla-copy\/#breadcrumb\",\"itemListElement\":[{\"@type\":\"ListItem\",\"position\":1,\"name\":\"Portada\",\"item\":\"https:\/\/www.fbcv.es\/\"},{\"@type\":\"ListItem\",\"position\":2,\"name\":\"Tienda\",\"item\":\"https:\/\/www.fbcv.es\/tienda\/\"},{\"@type\":\"ListItem\",\"position\":3,\"name\":\"Ticket: Clinic FBCV 22\/12\/2019 Entrenando con&#8230; Miguel \u00c1ngel Molina\"}]},{\"@type\":\"WebSite\",\"@id\":\"https:\/\/www.fbcv.es\/#website\",\"url\":\"https:\/\/www.fbcv.es\/\",\"name\":\"FBCV\",\"description\":\"FBCV\",\"potentialAction\":[{\"@type\":\"SearchAction\",\"target\":{\"@type\":\"EntryPoint\",\"urlTemplate\":\"https:\/\/www.fbcv.es\/?s={search_term_string}\"},\"query-input\":\"required name=search_term_string\"}],\"inLanguage\":\"va-ES\"}]}<\/script>\n<!-- \/ Yoast SEO Premium plugin. -->","yoast_head_json":{"title":"Ticket: Clinic FBCV 22\/12\/2019 Entrenando con... Miguel \u00c1ngel Molina - FBCV","robots":{"index":"index","follow":"follow","max-snippet":"max-snippet:-1","max-image-preview":"max-image-preview:large","max-video-preview":"max-video-preview:-1"},"canonical":"https:\/\/www.fbcv.es\/va\/product\/ticket-clinic-fbcv-29-12-2019-adrian-silla-copy\/","og_locale":"en_US","og_type":"article","og_title":"Ticket: Clinic FBCV 22\/12\/2019 Entrenando con... Miguel \u00c1ngel Molina","og_description":"Este ticket debe ser proporcionado al responsable de la actividad ya sea v\u00eda m\u00f3vil o impreso para proceder a la lectura del QR y verificar la asistencia a la formaci\u00f3n.","og_url":"https:\/\/www.fbcv.es\/va\/product\/ticket-clinic-fbcv-29-12-2019-adrian-silla-copy\/","og_site_name":"FBCV","article_modified_time":"2019-12-21T08:15:11+00:00","twitter_card":"summary_large_image","schema":{"@context":"https:\/\/schema.org","@graph":[{"@type":"WebPage","@id":"https:\/\/www.fbcv.es\/product\/ticket-clinic-fbcv-29-12-2019-adrian-silla-copy\/","url":"https:\/\/www.fbcv.es\/product\/ticket-clinic-fbcv-29-12-2019-adrian-silla-copy\/","name":"Ticket: Clinic FBCV 22\/12\/2019 Entrenando con... Miguel \u00c1ngel Molina - FBCV","isPartOf":{"@id":"https:\/\/www.fbcv.es\/#website"},"datePublished":"2019-11-19T16:00:02+00:00","dateModified":"2019-12-21T08:15:11+00:00","breadcrumb":{"@id":"https:\/\/www.fbcv.es\/product\/ticket-clinic-fbcv-29-12-2019-adrian-silla-copy\/#breadcrumb"},"inLanguage":"va-ES","potentialAction":[{"@type":"ReadAction","target":["https:\/\/www.fbcv.es\/product\/ticket-clinic-fbcv-29-12-2019-adrian-silla-copy\/"]}]},{"@type":"BreadcrumbList","@id":"https:\/\/www.fbcv.es\/product\/ticket-clinic-fbcv-29-12-2019-adrian-silla-copy\/#breadcrumb","itemListElement":[{"@type":"ListItem","position":1,"name":"Portada","item":"https:\/\/www.fbcv.es\/"},{"@type":"ListItem","position":2,"name":"Tienda","item":"https:\/\/www.fbcv.es\/tienda\/"},{"@type":"ListItem","position":3,"name":"Ticket: Clinic FBCV 22\/12\/2019 Entrenando con&#8230; Miguel \u00c1ngel Molina"}]},{"@type":"WebSite","@id":"https:\/\/www.fbcv.es\/#website","url":"https:\/\/www.fbcv.es\/","name":"FBCV","description":"FBCV","potentialAction":[{"@type":"SearchAction","target":{"@type":"EntryPoint","urlTemplate":"https:\/\/www.fbcv.es\/?s={search_term_string}"},"query-input":"required name=search_term_string"}],"inLanguage":"va-ES"}]}},"_links":{"self":[{"href":"https:\/\/www.fbcv.es\/va\/wp-json\/wp\/v2\/product\/50601"}],"collection":[{"href":"https:\/\/www.fbcv.es\/va\/wp-json\/wp\/v2\/product"}],"about":[{"href":"https:\/\/www.fbcv.es\/va\/wp-json\/wp\/v2\/types\/product"}],"wp:attachment":[{"href":"https:\/\/www.fbcv.es\/va\/wp-json\/wp\/v2\/media?parent=50601"}],"wp:term":[{"taxonomy":"product_cat","embeddable":true,"href":"https:\/\/www.fbcv.es\/va\/wp-json\/wp\/v2\/product_cat?post=50601"},{"taxonomy":"product_tag","embeddable":true,"href":"https:\/\/www.fbcv.es\/va\/wp-json\/wp\/v2\/product_tag?post=50601"}],"curies":[{"name":"wp","href":"https:\/\/api.w.org\/{rel}","templated":true}]}}