{"id":69164,"date":"2021-09-30T13:26:57","date_gmt":"2021-09-30T11:26:57","guid":{"rendered":"https:\/\/www.fbcv.es\/?page_id=69164"},"modified":"2021-10-01T13:32:06","modified_gmt":"2021-10-01T11:32:06","slug":"accidente-deportivo-dev","status":"publish","type":"page","link":"https:\/\/www.fbcv.es\/va\/seguro-accidente-deportivo\/federados-dev","title":{"rendered":"Federados Dev"},"content":{"rendered":"<div id=\"tdi_1\" class=\"tdc-zone\"><div class=\"tdc_zone tdi_2  wpb_row td-pb-row\"  >\n<style scoped>\n\/* custom css - generated by TagDiv Composer *\/\n\n\/* custom css - generated by TagDiv Composer *\/\n.tdi_2{\r\n                    min-height: 0;\r\n                }\n<\/style><div id=\"tdi_3\" class=\"tdc-row stretch_row_content td-stretch-content\"><div class=\"vc_row tdi_4  wpb_row td-pb-row\" >\n<style scoped>\n\/* custom css - generated by TagDiv Composer *\/\n\n\/* custom css - generated by TagDiv Composer *\/\n.tdi_4,\r\n                .tdi_4 .tdc-columns{\r\n                    min-height: 0;\r\n                }.tdi_4,\r\n\t\t\t\t.tdi_4 .tdc-columns{\r\n\t\t\t\t    display: block;\r\n\t\t\t\t}.tdi_4 .tdc-columns{\r\n\t\t\t\t    width: 100%;\r\n\t\t\t\t}.tdi_4:before,\r\n\t\t\t\t.tdi_4:after{\r\n\t\t\t\t    display: table;\r\n\t\t\t\t}\n<\/style><div class=\"vc_column tdi_6  wpb_column vc_column_container tdc-column td-pb-span12\">\n<style scoped>\n\/* custom css - generated by TagDiv Composer *\/\n\n\/* custom css - generated by TagDiv Composer *\/\n.tdi_6{\r\n                    vertical-align: baseline;\r\n                }.tdi_6 > .wpb_wrapper,\r\n\t\t\t\t.tdi_6 > .wpb_wrapper > .tdc-elements{\r\n\t\t\t\t    display: block;\r\n\t\t\t\t}.tdi_6 > .wpb_wrapper > .tdc-elements{\r\n\t\t\t\t    width: 100%;\r\n\t\t\t\t}.tdi_6 > .wpb_wrapper > .vc_row_inner{\r\n\t\t\t\t    width: auto;\r\n\t\t\t\t}.tdi_6 > .wpb_wrapper{\r\n\t\t\t\t    width: auto;\r\n\t\t\t\t    height: auto;\r\n\t\t\t\t}\n<\/style><div class=\"wpb_wrapper\" ><div class=\"wpb_wrapper td_block_wrap vc_raw_html tdi_8\"><div class=\"td-fix-index\"><div class=\"stripes big estatico pg-fbcv\">\n<div class=\"tira1\"><\/div>\n<div class=\"tira2\"><\/div>\n\n<div class=\"tira4\"><\/div>\n<div class=\"tira5\"><\/div>\n<div class=\"tira6\"><\/div>\n<div class=\"tira7\"><\/div>\n<div class=\"tira8\"><\/div><\/div><\/div><\/div><\/div><\/div><\/div><\/div><div id=\"tdi_9\" class=\"tdc-row\"><div class=\"vc_row tdi_10  wpb_row td-pb-row\" >\n<style scoped>\n\/* custom css - generated by TagDiv Composer *\/\n\n\/* custom css - generated by TagDiv Composer *\/\n.tdi_10,\r\n                .tdi_10 .tdc-columns{\r\n                    min-height: 0;\r\n                }.tdi_10,\r\n\t\t\t\t.tdi_10 .tdc-columns{\r\n\t\t\t\t    display: block;\r\n\t\t\t\t}.tdi_10 .tdc-columns{\r\n\t\t\t\t    width: 100%;\r\n\t\t\t\t}.tdi_10:before,\r\n\t\t\t\t.tdi_10:after{\r\n\t\t\t\t    display: table;\r\n\t\t\t\t}\n<\/style><div class=\"vc_column tdi_12  wpb_column vc_column_container tdc-column td-pb-span12\">\n<style scoped>\n\/* custom css - generated by TagDiv Composer *\/\n\n\/* custom css - generated by TagDiv Composer *\/\n.tdi_12{\r\n                    vertical-align: baseline;\r\n                }.tdi_12 > .wpb_wrapper,\r\n\t\t\t\t.tdi_12 > .wpb_wrapper > .tdc-elements{\r\n\t\t\t\t    display: block;\r\n\t\t\t\t}.tdi_12 > .wpb_wrapper > .tdc-elements{\r\n\t\t\t\t    width: 100%;\r\n\t\t\t\t}.tdi_12 > .wpb_wrapper > .vc_row_inner{\r\n\t\t\t\t    width: auto;\r\n\t\t\t\t}.tdi_12 > .wpb_wrapper{\r\n\t\t\t\t    width: auto;\r\n\t\t\t\t    height: auto;\r\n\t\t\t\t}\n<\/style><div class=\"wpb_wrapper\" ><div class=\"wpb_wrapper td_block_wrap vc_raw_html tdi_14\"><div class=\"td-fix-index\"><div class=\"breadcrumbs breadcrumb-basica\"> <a href=\"\/va\/\">Inici <\/a> <span> &gt; <\/span><a href=\"https:\/\/www.fbcv.es\/va\/seguro-accidente-deportivo\/\">Asseguran\u00e7a Accident esportiu<\/a> <span> &gt; <\/span><a href=\"\/va\/seguro-accidente-deportivo\/federados\/\"><b> Federats<\/b><\/a>  \n<\/div><\/div><\/div><div class=\"wpb_wrapper td_block_wrap vc_raw_html tdi_16\"><div class=\"td-fix-index\"><h1 class=\"titulo-pagina-fbcv\"> Accident esportiu <\/h1><\/div><\/div><div class=\"wpb_wrapper td_block_wrap vc_raw_html tdi_18\"><div class=\"td-fix-index\"><p class=\"common-BodyText no-margin-left\">En aquest apartat trobar\u00e0s la informaci\u00f3 relativa a l'asseguran\u00e7a d'accident esportiu per a les llic\u00e8ncies S\u00e8nior, J\u00fanior i del Comit\u00e9 T\u00e8cnic Arbitral.<p><p class=\"subtitulo translation-block\" style=\"font-size: 1.2em\"><i>Nota: per a llic\u00e8ncies dels JECV (IR, Ajuntaments, etc.), consultar l'apartat <a href=\"\/seguro-accidente-deportivo\/asistencia-sanitaria-jecv\" target=\"_self\">d'Assist\u00e8ncia Sanit\u00e0ria JECV<\/a>.<\/i><\/p>\n<\/div><\/div><div class=\"wpb_wrapper td_block_wrap vc_raw_html tdi_20\"><div class=\"td-fix-index\"><div class=\"stripes-pt-1 bis\"><\/div>\n<div class=\"stripes-pt-2 bis\"><\/div>\n<div class=\"stripes-pt-3 bis\"><\/div>\n<div class=\"stripes-pt-4 bis\"><\/div><\/div><\/div><\/div><\/div><\/div><\/div><div id=\"tdi_21\" class=\"tdc-row\"><div class=\"vc_row tdi_22  wpb_row td-pb-row\" >\n<style scoped>\n\/* custom css - generated by TagDiv Composer *\/\n\n\/* custom css - generated by TagDiv Composer *\/\n.tdi_22,\r\n                .tdi_22 .tdc-columns{\r\n                    min-height: 0;\r\n                }.tdi_22,\r\n\t\t\t\t.tdi_22 .tdc-columns{\r\n\t\t\t\t    display: block;\r\n\t\t\t\t}.tdi_22 .tdc-columns{\r\n\t\t\t\t    width: 100%;\r\n\t\t\t\t}.tdi_22:before,\r\n\t\t\t\t.tdi_22:after{\r\n\t\t\t\t    display: table;\r\n\t\t\t\t}\n<\/style><div class=\"vc_column tdi_24  wpb_column vc_column_container tdc-column td-pb-span12\">\n<style scoped>\n\/* custom css - generated by TagDiv Composer *\/\n\n\/* custom css - generated by TagDiv Composer *\/\n.tdi_24{\r\n                    vertical-align: baseline;\r\n                }.tdi_24 > .wpb_wrapper,\r\n\t\t\t\t.tdi_24 > .wpb_wrapper > .tdc-elements{\r\n\t\t\t\t    display: block;\r\n\t\t\t\t}.tdi_24 > .wpb_wrapper > .tdc-elements{\r\n\t\t\t\t    width: 100%;\r\n\t\t\t\t}.tdi_24 > .wpb_wrapper > .vc_row_inner{\r\n\t\t\t\t    width: auto;\r\n\t\t\t\t}.tdi_24 > .wpb_wrapper{\r\n\t\t\t\t    width: auto;\r\n\t\t\t\t    height: auto;\r\n\t\t\t\t}\n<\/style><div class=\"wpb_wrapper\" ><div class=\"wpb_wrapper td_block_wrap vc_raw_html tdi_26\"><div class=\"td-fix-index\"><h2 class=\"common-PageTitle\">Protocolo de actuaci\u00f3n en caso de Accidente Deportivo<\/h2><\/div><\/div><div class=\"wpb_wrapper td_block_wrap vc_raw_html tdi_28\">\n<style scoped>\n\/* custom css - generated by TagDiv Composer *\/\n\n\/* inline tdc_css att - generated by TagDiv Composer *\/\n\n.tdi_28{\nmargin-bottom:150px !important;\n}\n\n<\/style><div class=\"td-fix-index\"><div class=\"f1\">\n\n  <div class=\"columna-1\">\n\n    <div class=\"parrafo  p-grande\">\n      <h4> <\/h4>\n      <p>Se considera <strong>accidente deportivo<\/strong>: Lesi\u00f3n corporal que <strong>deriva de una causa violenta s\u00fabita, externa y ajena a la intencionalidad del asegurado<\/strong>, que produzca invalidez temporal o permanente o muerte o requiera de prestaci\u00f3n sanitaria para su recuperaci\u00f3n.\n <\/p>\n    <\/div>\n\n    \n\n  <\/div>\n\n  <!--<div class=\"columna-2\">-->\n<div>\n            <img decoding=\"async\" src=\"https:\/\/www.fbcv.es\/wp-content\/uploads\/2021\/10\/asisa.png\" style=\"height: 170px;\">\n\n\n\n  <\/div>\n\n<\/div>\n<\/div><\/div><\/div><\/div><\/div><\/div><div id=\"tdi_29\" class=\"tdc-row stretch_row_content td-stretch-content\"><div class=\"vc_row tdi_30 row-gris mas-claro wpb_row td-pb-row\" >\n<style scoped>\n\/* custom css - generated by TagDiv Composer *\/\n\n\/* custom css - generated by TagDiv Composer *\/\n.tdi_30,\r\n                .tdi_30 .tdc-columns{\r\n                    min-height: 0;\r\n                }.tdi_30,\r\n\t\t\t\t.tdi_30 .tdc-columns{\r\n\t\t\t\t    display: block;\r\n\t\t\t\t}.tdi_30 .tdc-columns{\r\n\t\t\t\t    width: 100%;\r\n\t\t\t\t}.tdi_30:before,\r\n\t\t\t\t.tdi_30:after{\r\n\t\t\t\t    display: table;\r\n\t\t\t\t}\n<\/style><div class=\"vc_column tdi_32  wpb_column vc_column_container tdc-column td-pb-span12\">\n<style scoped>\n\/* custom css - generated by TagDiv Composer *\/\n\n\/* custom css - generated by TagDiv Composer *\/\n.tdi_32{\r\n                    vertical-align: baseline;\r\n                }.tdi_32 > .wpb_wrapper,\r\n\t\t\t\t.tdi_32 > .wpb_wrapper > .tdc-elements{\r\n\t\t\t\t    display: block;\r\n\t\t\t\t}.tdi_32 > .wpb_wrapper > .tdc-elements{\r\n\t\t\t\t    width: 100%;\r\n\t\t\t\t}.tdi_32 > .wpb_wrapper > .vc_row_inner{\r\n\t\t\t\t    width: auto;\r\n\t\t\t\t}.tdi_32 > .wpb_wrapper{\r\n\t\t\t\t    width: auto;\r\n\t\t\t\t    height: auto;\r\n\t\t\t\t}\n<\/style><div class=\"wpb_wrapper\" ><div class=\"wpb_wrapper td_block_wrap vc_raw_html tdi_34\"><div class=\"td-fix-index\"><div class=\"f4\">\n  <h2 id=\"pasos\" class=\"common-PageTitle\">\n    Quins passos has de seguir? <\/h2>\n\n\n  <div class=\"grid\">\n    <!-- pesta\u00f1as -->\n\n\n    <nav>\n      <div>\n        <span class=\"selection\"><\/span>\n\n        <button id=\"urgencia-vital\" class=\"active\">\n          Urgencia Vital\n        <\/button>\n\n        <button id=\"urgencia\">\n          Urg\u00e8ncia\n        <\/button>\n\n        <button id=\"consulta\">\n          Consulta\n        <\/button>\n\n      <\/div>\n    <\/nav>\n    <div class=\"grupos-de-trabajo\">\n      <div class=\"box-urgencia-vital\">\n\n        <h3>Urgencia Vital<\/h3>\n\n        <p class=\"abiertas\">\n\n          <p>Si peligra la vida del asegurado a consecuencia de la pr\u00e1ctica deportiva, se deber\u00e1 dirigir al <a href=\"https:\/\/buscador.asisa.es\/\" target=\"_blank\">centro m\u00e1s cercano<\/a> y Asisa posteriormente se har\u00e1 cargo de la asistencia recibida en el centro receptor del asegurado.<\/p>\n\n          <p>No es necesaria autorizaci\u00f3n previa para la asistencia de urgencia vital prestada en las primeras 24 horas desde la fecha de ocurrencia del accidente.<\/p>\n\n          \n      <\/div><!-- end \/ urgencia-vital -->\n\n      <div class=\"box-urgencia oculto\">\n\n        <h3> Urg\u00e8ncia<\/h3>\n        <p>El asegurado podr\u00e1 dirigirse a cualquier <a href=\"https:\/\/buscador.asisa.es\/\" target=\"_blank\">centro concertado<\/a> (<b>Recuerde filtrar por \u201cAccidentes Deportivos\u201d<\/b>), identific\u00e1ndose como asegurado\/federado. Se requerir\u00e1 un tal\u00f3n para recibir la prestaci\u00f3n, en caso de no poder entregarlo en el momento de la asistencia se solicitar\u00e1 el tal\u00f3n posteriormente.<\/p>\n        <p>Tel\u00e8fon <b>91 991 24 40<\/b> para saber los centros concertados. En caso de requerir traslado en ambulancia 900 900 118.<\/p>\n\n        \n\n      <\/div><!-- end \/ urgencia -->\n\n      <div class=\"box-consulta oculto\">\n\n        <h3> Consulta <\/h3>\n        <p class=\"abiertas\">\n            <p>El asegurado podr\u00e1 dirigirse a <a href=\"https:\/\/buscador.asisa.es\/\" target=\"_blank\">cualquier centro concertado<\/a> solicitando \u00e9l mismo la cita con el centro que vaya a realizar la prestaci\u00f3n.<\/p>\n            <p>Para que pueda ser atendido, deber\u00e1 cumplimentar el tal\u00f3n asistencial entregandolo en el Hospital\/centro m\u00e9dico. Puede consultar los centros concertados de Asisa a trav\u00e9s del siguiente link: <a href=\"https:\/\/buscador.asisa.es\/\" target=\"_blank\">https:\/\/buscador.asisa.es\/<\/a> (<b>Recuerde filtrar por \u201cAccidentes Deportivos\u201d<\/b>).<\/p>\n\n      <\/div><!-- end \/ consulta -->\n\n\n    <\/div><!-- end \/ grupos de trabajo -->\n\n  <\/div>\n<\/div>\n<\/div><\/div><\/div><\/div><\/div><\/div><div id=\"tdi_35\" class=\"tdc-row\"><div id=\"tramitacion\" class=\"vc_row tdi_36 row-blanco wpb_row td-pb-row\" >\n<style scoped>\n\/* custom css - generated by TagDiv Composer *\/\n\n\/* custom css - generated by TagDiv Composer *\/\n.tdi_36,\r\n                .tdi_36 .tdc-columns{\r\n                    min-height: 0;\r\n                }.tdi_36,\r\n\t\t\t\t.tdi_36 .tdc-columns{\r\n\t\t\t\t    display: block;\r\n\t\t\t\t}.tdi_36 .tdc-columns{\r\n\t\t\t\t    width: 100%;\r\n\t\t\t\t}.tdi_36:before,\r\n\t\t\t\t.tdi_36:after{\r\n\t\t\t\t    display: table;\r\n\t\t\t\t}\n<\/style><div class=\"vc_column tdi_38  wpb_column vc_column_container tdc-column td-pb-span12\">\n<style scoped>\n\/* custom css - generated by TagDiv Composer *\/\n\n\/* custom css - generated by TagDiv Composer *\/\n.tdi_38{\r\n                    vertical-align: baseline;\r\n                }.tdi_38 > .wpb_wrapper,\r\n\t\t\t\t.tdi_38 > .wpb_wrapper > .tdc-elements{\r\n\t\t\t\t    display: block;\r\n\t\t\t\t}.tdi_38 > .wpb_wrapper > .tdc-elements{\r\n\t\t\t\t    width: 100%;\r\n\t\t\t\t}.tdi_38 > .wpb_wrapper > .vc_row_inner{\r\n\t\t\t\t    width: auto;\r\n\t\t\t\t}.tdi_38 > .wpb_wrapper{\r\n\t\t\t\t    width: auto;\r\n\t\t\t\t    height: auto;\r\n\t\t\t\t}\n<\/style><div class=\"wpb_wrapper\" ><div class=\"wpb_wrapper td_block_wrap vc_raw_html tdi_40\"><div class=\"td-fix-index\"><div class=\"stripes-pt-1 bis\"><\/div>\n<div class=\"stripes-pt-2 bis\"><\/div>\n<div class=\"stripes-pt-3 bis\"><\/div>\n<div class=\"stripes-pt-4 bis\"><\/div>\n<h2 class=\"common-PageTitle\">Tramitaci\u00f3n de Siniestros y Comunicaci\u00f3n de Siniestros<\/h2><\/div><\/div><div class=\"wpb_wrapper td_block_wrap vc_raw_html tdi_42\"><div class=\"td-fix-index\"><p class=\"common-BodyText no-margin-left\">Para gestionar la tramitaci\u00f3n y autorizaci\u00f3n de los expedientes, se deber\u00e1 enviar toda la documentaci\u00f3n v\u00eda e-mail a las siguientes direcciones seg\u00fan corresponda:<br><br> \n<b>Alacant<\/b>: <a href=\"mailto:deportivas.alicante@asisa.es\">deportivas.alicante@asisa.es<\/a><br>\n<b>Castell\u00f3<\/b>: <a href=\"mailto:deportivas.castellon@asisa.es\">deportivas.castellon@asisa.es<\/a><br>\n<b>Val\u00e8ncia<\/b>: <a href=\"mailto:deportivas.valencia@asisa.es\">deportivas.valencia@asisa.es<\/a>\n<\/p><\/div><\/div><\/div><\/div><\/div><\/div><div id=\"tdi_43\" class=\"tdc-row stretch_row_content td-stretch-content\"><div id=\"autorizacion\" class=\"vc_row tdi_44 row-gris wpb_row td-pb-row\" >\n<style scoped>\n\/* custom css - generated by TagDiv Composer *\/\n\n\/* custom css - generated by TagDiv Composer *\/\n.tdi_44,\r\n                .tdi_44 .tdc-columns{\r\n                    min-height: 0;\r\n                }.tdi_44,\r\n\t\t\t\t.tdi_44 .tdc-columns{\r\n\t\t\t\t    display: block;\r\n\t\t\t\t}.tdi_44 .tdc-columns{\r\n\t\t\t\t    width: 100%;\r\n\t\t\t\t}.tdi_44:before,\r\n\t\t\t\t.tdi_44:after{\r\n\t\t\t\t    display: table;\r\n\t\t\t\t}\n<\/style><div class=\"vc_column tdi_46  wpb_column vc_column_container tdc-column td-pb-span12\">\n<style scoped>\n\/* custom css - generated by TagDiv Composer *\/\n\n\/* custom css - generated by TagDiv Composer *\/\n.tdi_46{\r\n                    vertical-align: baseline;\r\n                }.tdi_46 > .wpb_wrapper,\r\n\t\t\t\t.tdi_46 > .wpb_wrapper > .tdc-elements{\r\n\t\t\t\t    display: block;\r\n\t\t\t\t}.tdi_46 > .wpb_wrapper > .tdc-elements{\r\n\t\t\t\t    width: 100%;\r\n\t\t\t\t}.tdi_46 > .wpb_wrapper > .vc_row_inner{\r\n\t\t\t\t    width: auto;\r\n\t\t\t\t}.tdi_46 > .wpb_wrapper{\r\n\t\t\t\t    width: auto;\r\n\t\t\t\t    height: auto;\r\n\t\t\t\t}\n<\/style><div class=\"wpb_wrapper\" ><div class=\"wpb_wrapper td_block_wrap vc_raw_html tdi_48\"><div class=\"td-fix-index\"><h2 class=\"common-PageTitle\">Autoritzaci\u00f3<\/h2><\/div><\/div><div class=\"wpb_wrapper td_block_wrap vc_raw_html tdi_50\"><div class=\"td-fix-index\"><p class=\"common-BodyText no-margin-left\">Las prestaciones que requerir\u00e1n autorizaci\u00f3n previa por parte de ASISA son:<\/p><\/div><\/div><div class=\"wpb_wrapper td_block_wrap vc_raw_html tdi_52\"><div class=\"td-fix-index\"><div class=\"f1\">\n <div class=\"columna-1\">\n    <div class=\"parrafo p-grande\">\n      <h4> <\/h4>\n      <p>Hospitalizaci\u00f3n<\/p>\n    <\/div>\n<div class=\"parrafo p-grande\">\n      <h4> <\/h4>\n      <p>Intervenciones Quir\u00fargicas (Cl\u00ednica, M\u00e9dicos, Material de osteos\u00edntesis, etc.) <\/p>\n    <\/div>\n<div class=\"parrafo p-grande\">\n      <h4> <\/h4>\n      <p>Pruebas Complementarias Espec\u00edficas como TAC, RNM, Ecograf\u00edas, etc.<\/p>\n    <\/div>\n<div class=\"parrafo p-grande\">\n      <h4> <\/h4>\n      <p>Rehabilitaci\u00f3n y\/o Fisioterapia <\/p>\n    <\/div>\n<\/div>\n<\/div><\/div><\/div><\/div><\/div><\/div><\/div><div id=\"tdi_53\" class=\"tdc-row\"><div id=\"talonario\" class=\"vc_row tdi_54 row-blanco wpb_row td-pb-row\" >\n<style scoped>\n\/* custom css - generated by TagDiv Composer *\/\n\n\/* custom css - generated by TagDiv Composer *\/\n.tdi_54,\r\n                .tdi_54 .tdc-columns{\r\n                    min-height: 0;\r\n                }.tdi_54,\r\n\t\t\t\t.tdi_54 .tdc-columns{\r\n\t\t\t\t    display: block;\r\n\t\t\t\t}.tdi_54 .tdc-columns{\r\n\t\t\t\t    width: 100%;\r\n\t\t\t\t}.tdi_54:before,\r\n\t\t\t\t.tdi_54:after{\r\n\t\t\t\t    display: table;\r\n\t\t\t\t}\n<\/style><div class=\"vc_column tdi_56  wpb_column vc_column_container tdc-column td-pb-span12\">\n<style scoped>\n\/* custom css - generated by TagDiv Composer *\/\n\n\/* custom css - generated by TagDiv Composer *\/\n.tdi_56{\r\n                    vertical-align: baseline;\r\n                }.tdi_56 > .wpb_wrapper,\r\n\t\t\t\t.tdi_56 > .wpb_wrapper > .tdc-elements{\r\n\t\t\t\t    display: block;\r\n\t\t\t\t}.tdi_56 > .wpb_wrapper > .tdc-elements{\r\n\t\t\t\t    width: 100%;\r\n\t\t\t\t}.tdi_56 > .wpb_wrapper > .vc_row_inner{\r\n\t\t\t\t    width: auto;\r\n\t\t\t\t}.tdi_56 > .wpb_wrapper{\r\n\t\t\t\t    width: auto;\r\n\t\t\t\t    height: auto;\r\n\t\t\t\t}\n<\/style><div class=\"wpb_wrapper\" ><div class=\"wpb_wrapper td_block_wrap vc_raw_html tdi_58\"><div class=\"td-fix-index\"><div class=\"stripes-pt-1 bis\"><\/div>\n<div class=\"stripes-pt-2 bis\"><\/div>\n<div class=\"stripes-pt-3 bis\"><\/div>\n<div class=\"stripes-pt-4 bis\"><\/div>\n<h2 class=\"common-PageTitle\">Uso del Talonario<\/h2><\/div><\/div><div class=\"wpb_wrapper td_block_wrap vc_raw_html tdi_60\"><div class=\"td-fix-index\"><p class=\"common-BodyText no-margin-left\">Cada asegurado deber\u00e1 de entregar un tal\u00f3n por asistencia recibida, cumpliment\u00e1ndolo en todos sus campos (tanto el frente como el reverso). En algunos casos deber\u00e1 de ir ratificado por el responsable del colectivo (asociaci\u00f3n\/federaci\u00f3n). \n<\/p><\/div><\/div><div class=\"wpb_wrapper td_block_wrap vc_raw_html tdi_62\"><div class=\"td-fix-index\"><center><p class=\"common-BodyText no-margin-left\"><b>TALONES A DISPOSICI\u00d3N DEL CLUB EN <a href=\"http:\/\/ow.fbcv.es\/oficina2\/default.aspx\" target=\"_blank\">OFICINA WEB<\/a><\/b>\n<\/p><center><\/div><\/div><div class=\"wpb_wrapper td_block_wrap vc_raw_html tdi_64\"><div class=\"td-fix-index\"><p class=\"common-BodyText no-margin-left\"><b>A modo de ejemplo:<\/b><br><p class=\"common-BodyText\">1 tal\u00f3n para cada 10 sesiones de Rehabilitaci\u00f3n<br>\n1 tal\u00f3n para cada vista m\u00e9dica<br>\n1 tal\u00f3n para urgencias (incluida visita, radiograf\u00eda, vendaje etc.)<br>\n1 tal\u00f3n para prueba diagn\u00f3stica<\/p>\n<\/p><\/div><\/div><div class=\"wpb_wrapper td_block_wrap vc_raw_html tdi_66\"><div class=\"td-fix-index\">\n<h2 class=\"common-PageTitle\">Cuadro M\u00e9dico<\/h2><\/div><\/div><div class=\"wpb_wrapper td_block_wrap vc_raw_html tdi_68\"><div class=\"td-fix-index\"><center><a href=\"https:\/\/buscador.asisa.es\/\" target=\"_blank\"><img decoding=\"async\" src=\"https:\/\/www.fbcv.es\/wp-content\/uploads\/2021\/10\/asisa.png\" style=\"height: 170px;\"><\/a><p class=\"common-BodyText\"><b>Recuerde filtrar por \u201cAccidentes Deportivos\u201d<\/b><\/p><center><\/div><\/div><\/div><\/div><\/div><\/div><\/div><\/div>","protected":false},"excerpt":{"rendered":"","protected":false},"author":5,"featured_media":0,"parent":0,"menu_order":0,"comment_status":"closed","ping_status":"closed","template":"","meta":{"_acf_changed":false,"_monsterinsights_skip_tracking":false,"_monsterinsights_sitenote_active":false,"_monsterinsights_sitenote_note":"","_monsterinsights_sitenote_category":0,"footnotes":""},"acf":[],"yoast_head":"<!-- This site is optimized with the Yoast SEO Premium plugin v23.0 (Yoast SEO v23.0) - https:\/\/yoast.com\/wordpress\/plugins\/seo\/ -->\n<title>Federados Dev - FBCV<\/title>\n<meta name=\"robots\" content=\"index, follow, max-snippet:-1, max-image-preview:large, max-video-preview:-1\" \/>\n<link rel=\"canonical\" href=\"https:\/\/www.fbcv.es\/va\/seguro-accidente-deportivo\/federados-dev\/\" \/>\n<meta property=\"og:locale\" content=\"en_US\" \/>\n<meta property=\"og:type\" content=\"article\" \/>\n<meta property=\"og:title\" content=\"Federados Dev\" \/>\n<meta property=\"og:url\" content=\"https:\/\/www.fbcv.es\/va\/seguro-accidente-deportivo\/federados-dev\/\" \/>\n<meta property=\"og:site_name\" content=\"FBCV\" \/>\n<meta property=\"article:modified_time\" content=\"2021-10-01T11:32:06+00:00\" \/>\n<meta name=\"twitter:card\" content=\"summary_large_image\" \/>\n<meta name=\"twitter:label1\" content=\"Est. reading time\" \/>\n\t<meta name=\"twitter:data1\" content=\"6 minutes\" \/>\n<script type=\"application\/ld+json\" class=\"yoast-schema-graph\">{\"@context\":\"https:\/\/schema.org\",\"@graph\":[{\"@type\":\"WebPage\",\"@id\":\"https:\/\/www.fbcv.es\/seguro-accidente-deportivo\/federados-dev\/\",\"url\":\"https:\/\/www.fbcv.es\/seguro-accidente-deportivo\/federados-dev\/\",\"name\":\"Federados Dev - FBCV\",\"isPartOf\":{\"@id\":\"https:\/\/www.fbcv.es\/#website\"},\"datePublished\":\"2021-09-30T11:26:57+00:00\",\"dateModified\":\"2021-10-01T11:32:06+00:00\",\"breadcrumb\":{\"@id\":\"https:\/\/www.fbcv.es\/seguro-accidente-deportivo\/federados-dev\/#breadcrumb\"},\"inLanguage\":\"va-ES\",\"potentialAction\":[{\"@type\":\"ReadAction\",\"target\":[\"https:\/\/www.fbcv.es\/seguro-accidente-deportivo\/federados-dev\/\"]}]},{\"@type\":\"BreadcrumbList\",\"@id\":\"https:\/\/www.fbcv.es\/seguro-accidente-deportivo\/federados-dev\/#breadcrumb\",\"itemListElement\":[{\"@type\":\"ListItem\",\"position\":1,\"name\":\"Portada\",\"item\":\"https:\/\/www.fbcv.es\/\"},{\"@type\":\"ListItem\",\"position\":2,\"name\":\"Federados Dev\"}]},{\"@type\":\"WebSite\",\"@id\":\"https:\/\/www.fbcv.es\/#website\",\"url\":\"https:\/\/www.fbcv.es\/\",\"name\":\"FBCV\",\"description\":\"FBCV\",\"potentialAction\":[{\"@type\":\"SearchAction\",\"target\":{\"@type\":\"EntryPoint\",\"urlTemplate\":\"https:\/\/www.fbcv.es\/?s={search_term_string}\"},\"query-input\":\"required name=search_term_string\"}],\"inLanguage\":\"va-ES\"}]}<\/script>\n<!-- \/ Yoast SEO Premium plugin. -->","yoast_head_json":{"title":"Federados Dev - FBCV","robots":{"index":"index","follow":"follow","max-snippet":"max-snippet:-1","max-image-preview":"max-image-preview:large","max-video-preview":"max-video-preview:-1"},"canonical":"https:\/\/www.fbcv.es\/va\/seguro-accidente-deportivo\/federados-dev\/","og_locale":"en_US","og_type":"article","og_title":"Federados Dev","og_url":"https:\/\/www.fbcv.es\/va\/seguro-accidente-deportivo\/federados-dev\/","og_site_name":"FBCV","article_modified_time":"2021-10-01T11:32:06+00:00","twitter_card":"summary_large_image","twitter_misc":{"Est. reading time":"6 minutes"},"schema":{"@context":"https:\/\/schema.org","@graph":[{"@type":"WebPage","@id":"https:\/\/www.fbcv.es\/seguro-accidente-deportivo\/federados-dev\/","url":"https:\/\/www.fbcv.es\/seguro-accidente-deportivo\/federados-dev\/","name":"Federados Dev - FBCV","isPartOf":{"@id":"https:\/\/www.fbcv.es\/#website"},"datePublished":"2021-09-30T11:26:57+00:00","dateModified":"2021-10-01T11:32:06+00:00","breadcrumb":{"@id":"https:\/\/www.fbcv.es\/seguro-accidente-deportivo\/federados-dev\/#breadcrumb"},"inLanguage":"va-ES","potentialAction":[{"@type":"ReadAction","target":["https:\/\/www.fbcv.es\/seguro-accidente-deportivo\/federados-dev\/"]}]},{"@type":"BreadcrumbList","@id":"https:\/\/www.fbcv.es\/seguro-accidente-deportivo\/federados-dev\/#breadcrumb","itemListElement":[{"@type":"ListItem","position":1,"name":"Portada","item":"https:\/\/www.fbcv.es\/"},{"@type":"ListItem","position":2,"name":"Federados Dev"}]},{"@type":"WebSite","@id":"https:\/\/www.fbcv.es\/#website","url":"https:\/\/www.fbcv.es\/","name":"FBCV","description":"FBCV","potentialAction":[{"@type":"SearchAction","target":{"@type":"EntryPoint","urlTemplate":"https:\/\/www.fbcv.es\/?s={search_term_string}"},"query-input":"required name=search_term_string"}],"inLanguage":"va-ES"}]}},"_links":{"self":[{"href":"https:\/\/www.fbcv.es\/va\/wp-json\/wp\/v2\/pages\/69164"}],"collection":[{"href":"https:\/\/www.fbcv.es\/va\/wp-json\/wp\/v2\/pages"}],"about":[{"href":"https:\/\/www.fbcv.es\/va\/wp-json\/wp\/v2\/types\/page"}],"author":[{"embeddable":true,"href":"https:\/\/www.fbcv.es\/va\/wp-json\/wp\/v2\/users\/5"}],"replies":[{"embeddable":true,"href":"https:\/\/www.fbcv.es\/va\/wp-json\/wp\/v2\/comments?post=69164"}],"version-history":[{"count":5,"href":"https:\/\/www.fbcv.es\/va\/wp-json\/wp\/v2\/pages\/69164\/revisions"}],"predecessor-version":[{"id":69233,"href":"https:\/\/www.fbcv.es\/va\/wp-json\/wp\/v2\/pages\/69164\/revisions\/69233"}],"wp:attachment":[{"href":"https:\/\/www.fbcv.es\/va\/wp-json\/wp\/v2\/media?parent=69164"}],"curies":[{"name":"wp","href":"https:\/\/api.w.org\/{rel}","templated":true}]}}