{"id":38902,"date":"2018-11-08T09:24:46","date_gmt":"2018-11-08T08:24:46","guid":{"rendered":"https:\/\/web.fbcv.es\/?page_id=38902"},"modified":"2018-11-08T09:24:46","modified_gmt":"2018-11-08T08:24:46","slug":"vieja-informacion-cta","status":"publish","type":"page","link":"https:\/\/www.fbcv.es\/va\/vieja-informacion-cta\/","title":{"rendered":"vieja-informacion-cta"},"content":{"rendered":"<div id=\"tdi_1\" class=\"tdc-row stretch_row_content td-stretch-content\"><div class=\"vc_row tdi_2  wpb_row td-pb-row\" >\n<style scoped>\n\/* custom css - generated by TagDiv Composer *\/\n\n\/* custom css - generated by TagDiv Composer *\/\n.tdi_2,\r\n                .tdi_2 .tdc-columns{\r\n                    min-height: 0;\r\n                }.tdi_2,\r\n\t\t\t\t.tdi_2 .tdc-columns{\r\n\t\t\t\t    display: block;\r\n\t\t\t\t}.tdi_2 .tdc-columns{\r\n\t\t\t\t    width: 100%;\r\n\t\t\t\t}.tdi_2:before,\r\n\t\t\t\t.tdi_2:after{\r\n\t\t\t\t    display: table;\r\n\t\t\t\t}\n<\/style><div class=\"vc_column tdi_4  wpb_column vc_column_container tdc-column td-pb-span12\">\n<style scoped>\n\/* custom css - generated by TagDiv Composer *\/\n\n\/* custom css - generated by TagDiv Composer *\/\n.tdi_4{\r\n                    vertical-align: baseline;\r\n                }.tdi_4 > .wpb_wrapper,\r\n\t\t\t\t.tdi_4 > .wpb_wrapper > .tdc-elements{\r\n\t\t\t\t    display: block;\r\n\t\t\t\t}.tdi_4 > .wpb_wrapper > .tdc-elements{\r\n\t\t\t\t    width: 100%;\r\n\t\t\t\t}.tdi_4 > .wpb_wrapper > .vc_row_inner{\r\n\t\t\t\t    width: auto;\r\n\t\t\t\t}.tdi_4 > .wpb_wrapper{\r\n\t\t\t\t    width: auto;\r\n\t\t\t\t    height: auto;\r\n\t\t\t\t}\n<\/style><div class=\"wpb_wrapper\" ><div class=\"wpb_wrapper td_block_wrap vc_raw_html tdi_6\">\n<style scoped>\n\/* custom css - generated by TagDiv Composer *\/\n\n\/* inline tdc_css att - generated by TagDiv Composer *\/\n\n.tdi_6{\nmargin-top:0px !important;\npadding-top:0px !important;\nborder-style:solid !important;\nborder-color:#888888 !important;\nborder-width: 0px 0px 0px 0px !important;\n}\n\n<\/style><div class=\"td-fix-index\"><div class=\"stripes big estatico\">\n<!--<img decoding=\"async\" class=\"ball1\" \n src=\"https:\/\/web.fbcv.es\/wp-content\/uploads\/2018\/06\/pelota1.png\" alt=\"fbcv1\">\n<img decoding=\"async\" class=\"ball2\" src=\"https:\/\/web.fbcv.es\/wp-content\/uploads\/2018\/06\/pelota2.png\" alt=\"fbcv2\">-->\n<div class=\"tira1\"><\/div>\n<div class=\"tira2\"><\/div>\n<div class=\"tira3\"><\/div>\n<div class=\"tira4\"><\/div>\n<div class=\"tira5\"><\/div>\n<div class=\"tira6\"><\/div>\n<div class=\"tira7\"><\/div>\n<div class=\"tira8\"><\/div>\n<\/div><\/div><\/div><\/div><\/div><\/div><\/div><div id=\"tdi_7\" class=\"tdc-row\"><div class=\"vc_row tdi_8  wpb_row td-pb-row\" >\n<style scoped>\n\/* custom css - generated by TagDiv Composer *\/\n\n\/* custom css - generated by TagDiv Composer *\/\n.tdi_8,\r\n                .tdi_8 .tdc-columns{\r\n                    min-height: 0;\r\n                }.tdi_8,\r\n\t\t\t\t.tdi_8 .tdc-columns{\r\n\t\t\t\t    display: block;\r\n\t\t\t\t}.tdi_8 .tdc-columns{\r\n\t\t\t\t    width: 100%;\r\n\t\t\t\t}.tdi_8:before,\r\n\t\t\t\t.tdi_8:after{\r\n\t\t\t\t    display: table;\r\n\t\t\t\t}\n<\/style><div class=\"vc_column tdi_10  wpb_column vc_column_container tdc-column td-pb-span12\">\n<style scoped>\n\/* custom css - generated by TagDiv Composer *\/\n\n\/* custom css - generated by TagDiv Composer *\/\n.tdi_10{\r\n                    vertical-align: baseline;\r\n                }.tdi_10 > .wpb_wrapper,\r\n\t\t\t\t.tdi_10 > .wpb_wrapper > .tdc-elements{\r\n\t\t\t\t    display: block;\r\n\t\t\t\t}.tdi_10 > .wpb_wrapper > .tdc-elements{\r\n\t\t\t\t    width: 100%;\r\n\t\t\t\t}.tdi_10 > .wpb_wrapper > .vc_row_inner{\r\n\t\t\t\t    width: auto;\r\n\t\t\t\t}.tdi_10 > .wpb_wrapper{\r\n\t\t\t\t    width: auto;\r\n\t\t\t\t    height: auto;\r\n\t\t\t\t}\n<\/style><div class=\"wpb_wrapper\" ><div class=\"wpb_wrapper td_block_wrap vc_raw_html tdi_12\"><div class=\"td-fix-index\"><div class=\"principal-box\">\n<div class=\"bloque_principal\">\n        <img decoding=\"async\" src=\"https:\/\/web.fbcv.es\/wp-content\/uploads\/2018\/10\/cta-informacion-empieza-la-temporada.png\">\n<a class=\"inscribete\" href=\"#\"> Presentaci\u00f3 <\/a>\n<\/div>\n\n<div class=\"bloque_principal\">\n<h1 class=\"titulo-pagina\"> Informaci\u00f3 CTA<\/h1>\n      <p class=\"subtitulo\"> \u00bfQuieres seguir disfrutando del baloncesto de una manera diferente? <\/p>\n<a href=\"#nuestros-cursos\" class=\"ancla\">Els nostres cursos i dates<\/a>\n<a href=\"#clubes\" class=\"ancla\">C\u00f3mo son<\/a>\n<a class=\"comun\" href=\"#\"> Solicita licencia <\/a>\n<\/div>\n<\/div><\/div><\/div><\/div><\/div><\/div><\/div><div id=\"tdi_13\" class=\"tdc-row stretch_row_content td-stretch-content\"><div class=\"vc_row tdi_14 row-blanco wpb_row td-pb-row\" >\n<style scoped>\n\/* custom css - generated by TagDiv Composer *\/\n\n\/* custom css - generated by TagDiv Composer *\/\n.tdi_14,\r\n                .tdi_14 .tdc-columns{\r\n                    min-height: 0;\r\n                }.tdi_14,\r\n\t\t\t\t.tdi_14 .tdc-columns{\r\n\t\t\t\t    display: block;\r\n\t\t\t\t}.tdi_14 .tdc-columns{\r\n\t\t\t\t    width: 100%;\r\n\t\t\t\t}.tdi_14:before,\r\n\t\t\t\t.tdi_14:after{\r\n\t\t\t\t    display: table;\r\n\t\t\t\t}\n<\/style><div class=\"vc_column tdi_16  wpb_column vc_column_container tdc-column td-pb-span12\">\n<style scoped>\n\/* custom css - generated by TagDiv Composer *\/\n\n\/* custom css - generated by TagDiv Composer *\/\n.tdi_16{\r\n                    vertical-align: baseline;\r\n                }.tdi_16 > .wpb_wrapper,\r\n\t\t\t\t.tdi_16 > .wpb_wrapper > .tdc-elements{\r\n\t\t\t\t    display: block;\r\n\t\t\t\t}.tdi_16 > .wpb_wrapper > .tdc-elements{\r\n\t\t\t\t    width: 100%;\r\n\t\t\t\t}.tdi_16 > .wpb_wrapper > .vc_row_inner{\r\n\t\t\t\t    width: auto;\r\n\t\t\t\t}.tdi_16 > .wpb_wrapper{\r\n\t\t\t\t    width: auto;\r\n\t\t\t\t    height: auto;\r\n\t\t\t\t}\n<\/style><div class=\"wpb_wrapper\" ><div class=\"wpb_wrapper td_block_wrap vc_raw_html tdi_18\"><div class=\"td-fix-index\"><div class=\"contenido-texto\" id=\"nuestros-cursos\"> \n<h1 id=\"programa\"> Plazos de solicitud<\/h1>\n<p class=\"common-BodyText\">Para todos aquello\/as que han tenido licencia CTA en la temporada 2017-2018 el plazo para las categor\u00edas\/grupos de ACB, Grupo 1, Grupo 2, LEB, Liga Femenina y Liga EBA (FEB) finalizar\u00e1 el 10 de agosto de 2018 inclusive.\n<\/p><\/div><\/div><div class=\"wpb_wrapper td_block_wrap vc_raw_html tdi_20\"><div class=\"td-fix-index\"><div class=\"f1\">\n\n  <div class=\"columna-1\">\n\n    <div class=\"parrafo\">\n      <h4 class=\"menor-edad\">  Si eres menor de edad<\/h4>\n      <p> Rellena el siguiente <a href=\"#\">formulario<\/a> <\/p>\n    <\/div>\n\n    <div class=\"parrafo\">\n      <h4 class=\"no-licencia\">Si no has tenido licencia la temporada anterior <\/h4>\n      <p> Rellena el siguiente <a href=\"#\">formulario<\/a><\/p>\n    <\/div>\n\n<div class=\"parrafo-extra\">\n\n<p class=\"common-BodyText\">Para el resto de las categor\u00edas y grupos FBCV (Campeonato de Espa\u00f1a 1\u00aa Divisi\u00f3n, Auton\u00f3mica, Zonal, \u00c1rbitros\/as Colaboradores\/as y Alumnos\/as de los Cursos COM, CIAR y CAR 2017-2018), para poder ser designado\/a en la primera jornada de las competiciones FBCV e IR, el plazo finalizar\u00e1 el 28 de septiembre de 2018 inclusive.<\/p>\n<\/div>\n\n  <\/div>\n\n  <div class=\"columna-2\">\n\n          <aside class=\"common-Card\">\n              <div class=\"cover\"><\/div>\n<h2 class=\"common-text\"> Sol\u00b7licita la teua llic\u00e8ncia <\/h2>\n             \n             \n\n              <a href=\"#\" target=\"_blank\" class=\"button-normal button-normal--default\">\n                Sol\u00b7licita la teua llic\u00e8ncia\n              <\/a>\n          <\/aside>\n\n  <\/div>\n\n\n<div class=\"stripes-f-1\"><\/div>\n<div class=\"stripes-f-2\"><\/div>\n\n<div class=\"stripes-f-3\"><\/div>\n<div class=\"stripes-f-4\"><\/div>\n\n<div class=\"stripes-f-5\"><\/div>\n<div class=\"stripes-f-6\"><\/div>\n\n<\/div>\n\n\n<\/div><\/div><div class=\"wpb_wrapper td_block_wrap vc_raw_html tdi_22\"><div class=\"td-fix-index\"><div class=\"f24\" id=\"\">\n\t\n\t<div>\n\t\t<div class=\"Section-quote Section-quote--vertical\">\n\t\t    <div class=\"Section-quotePhoto Section-quotePhoto--warbyParker\"><\/div>\n\n\t\t    <blockquote class=\"Quote Quote--warbyParker\">\n\t\t    \n\t\t      <p>El equilibrio perfecto entre la teor\u00eda y la pr\u00e1ctica<\/p> <a href=\"#\" target=\"_blank\" class=\"button-normal button-normal--default\">\n                Inscriu al teu jugador\n              <\/a><\/p>\n\n\t\t    <\/blockquote>\n\t\t<\/div>\n\t<\/div>\n\n\n\t<!-- nivel 1-->\n\t<div class=\"section-col\">\n\t\t<div class=\"titulo_quote\"> COM <\/div>\n\n\t\t<div class=\"texto_quote\">Curso que te acredita para dirigir principalmente\n\tequipos en categor\u00edas de formaci\u00f3n<\/div>\n\n\t\t<div class=\"texto_quote\"><span class=\"big\">400 hores<\/span> 190 no presencials<\/div>\n\n\t\t<div class=\"texto_quote\"><span class=\"big\">395 \u20ac<\/span> amb facilitats de pagament<\/div>\n\t\t\t\t<a href=\"#\" class=\"pdf-button common-Button common-Button--default\">Al detalle<\/a>\n\n\t<\/div>\n\t<!-- nivel 2-->\n\t<div class=\"section-col\">\n\t\t\t\t<div class=\"titulo_quote\">CIAR<\/div>\n\n\t\t\t\t<div class=\"texto_quote\">Curso que te acredita para entrenar en las\nprincipales categor\u00edas de nuestro baloncesto<\/div>\n\n\t\t\t\t<div class=\"texto_quote\"><span class=\"big\">610 hores<\/span> 318 no presencials<\/div>\n\n\t\t\t\t<div class=\"texto_quote\"><span class=\"big\">495 \u20ac<\/span> amb facilitats de pagament<\/div>\n\t\t\t\t<a href=\"#\" class=\"pdf-button common-Button common-Button--default\">Al detalle<\/a>\n\n\n\t<\/div>\n\n<!-- nivel 3-->\n\t<div class=\"section-col\">\n\t\t\t\t<div class=\"titulo_quote\">CIAR<\/div>\n\n\t\t\t\t<div class=\"texto_quote\">Curso que te acredita para entrenar en las\nprincipales categor\u00edas de nuestro baloncesto<\/div>\n\n\t\t\t\t<div class=\"texto_quote\"><span class=\"big\">610 hores<\/span> 318 no presencials<\/div>\n\n\t\t\t\t<div class=\"texto_quote\"><span class=\"big\">495 \u20ac<\/span> amb facilitats de pagament<\/div>\n\t\t\t\t<a href=\"#\" class=\"pdf-button common-Button common-Button--default\">Al detalle<\/a>\n\n\n\t<\/div>\n\n\n<\/div><\/div><\/div><\/div><\/div><\/div><\/div><div id=\"tdi_23\" class=\"tdc-row stretch_row_content td-stretch-content\"><div class=\"vc_row tdi_24 row-blanco wpb_row td-pb-row\" >\n<style scoped>\n\/* custom css - generated by TagDiv Composer *\/\n\n\/* custom css - generated by TagDiv Composer *\/\n.tdi_24,\r\n                .tdi_24 .tdc-columns{\r\n                    min-height: 0;\r\n                }.tdi_24,\r\n\t\t\t\t.tdi_24 .tdc-columns{\r\n\t\t\t\t    display: block;\r\n\t\t\t\t}.tdi_24 .tdc-columns{\r\n\t\t\t\t    width: 100%;\r\n\t\t\t\t}.tdi_24:before,\r\n\t\t\t\t.tdi_24:after{\r\n\t\t\t\t    display: table;\r\n\t\t\t\t}\n<\/style><div class=\"vc_column tdi_26 contenido_pt wpb_column vc_column_container tdc-column td-pb-span12\">\n<style scoped>\n\/* custom css - generated by TagDiv Composer *\/\n\n\/* custom css - generated by TagDiv Composer *\/\n.tdi_26{\r\n                    vertical-align: baseline;\r\n                }.tdi_26 > .wpb_wrapper,\r\n\t\t\t\t.tdi_26 > .wpb_wrapper > .tdc-elements{\r\n\t\t\t\t    display: block;\r\n\t\t\t\t}.tdi_26 > .wpb_wrapper > .tdc-elements{\r\n\t\t\t\t    width: 100%;\r\n\t\t\t\t}.tdi_26 > .wpb_wrapper > .vc_row_inner{\r\n\t\t\t\t    width: auto;\r\n\t\t\t\t}.tdi_26 > .wpb_wrapper{\r\n\t\t\t\t    width: auto;\r\n\t\t\t\t    height: auto;\r\n\t\t\t\t}\n<\/style><div class=\"wpb_wrapper\" ><div class=\"wpb_wrapper td_block_wrap vc_raw_html tdi_28\"><div class=\"td-fix-index\"><div class=\"f16\">\n<h2 class=\"common-PageTitle\">\nRequisits d\u2019acc\u00e9s  <\/h2>\n<div class=\"grid\">\n      <div class=\"columna\">\n\n\n               <img decoding=\"async\" class=\"icon\" src=\"\/wp-content\/uploads\/2018\/10\/ball-icon.png\" width=\"52px\">\n\n        <p class=\"common-BodyText\">Para inscribirse a los cursos de cualquier nivel ser\u00e1 requisito necesario haber cumplido 14 a\u00f1os el d\u00eda que se inicia el curso, adem\u00e1s de ser espa\u00f1ol, pertenecer a alguno de los estados miembros de la Uni\u00f3n Europea o del Espacio Econ\u00f3mico Europeo, o haber solicitado la residencia legal en Espa\u00f1a en caso de ser extranjero.<\/p>\n\n\n\n      <\/div>\n\n\n      <div class=\"columna\">\n\n        <img decoding=\"async\" class=\"icon\" src=\"\/wp-content\/uploads\/2018\/10\/ball-icon.png\" width=\"52px\">\n\n\n\n        <p class=\"common-BodyText\">La inscripci\u00f3 al curs CAR \u00e9s incompatible amb les llic\u00e8ncies FBCV de jugador, entrenador, assistent i delegat de camp que estiguen en vigor.\n<\/p>\n\n        \n\n      <\/div>\n\n\n      <div class=\"columna\">\n\n        <img decoding=\"async\" class=\"icon\" src=\"\/wp-content\/uploads\/2018\/10\/ball-icon.png\" width=\"52px\">\n\n\n        <p class=\"common-BodyText\">Els alumnes es consideraran admesos quan emplenen tots els passos de la inscripci\u00f3, seguint estrictament l'ordre d'inscripci\u00f3 per a l'ocupaci\u00f3 de les places disponibles.\n<\/p>\n\n      <\/div>\n\n<\/div>\n<\/div><\/div><\/div><\/div><\/div><\/div><\/div>","protected":false},"excerpt":{"rendered":"","protected":false},"author":10,"featured_media":0,"parent":0,"menu_order":0,"comment_status":"closed","ping_status":"closed","template":"","meta":{"_acf_changed":false,"_monsterinsights_skip_tracking":false,"_monsterinsights_sitenote_active":false,"_monsterinsights_sitenote_note":"","_monsterinsights_sitenote_category":0,"footnotes":""},"acf":[],"yoast_head":"<!-- This site is optimized with the Yoast SEO Premium plugin v23.0 (Yoast SEO v23.0) - https:\/\/yoast.com\/wordpress\/plugins\/seo\/ -->\n<title>vieja-informacion-cta - FBCV<\/title>\n<meta name=\"robots\" content=\"index, follow, max-snippet:-1, max-image-preview:large, max-video-preview:-1\" \/>\n<link rel=\"canonical\" href=\"https:\/\/www.fbcv.es\/va\/vieja-informacion-cta\/\" \/>\n<meta property=\"og:locale\" content=\"en_US\" \/>\n<meta property=\"og:type\" content=\"article\" \/>\n<meta property=\"og:title\" content=\"vieja-informacion-cta\" \/>\n<meta property=\"og:url\" content=\"https:\/\/www.fbcv.es\/va\/vieja-informacion-cta\/\" \/>\n<meta property=\"og:site_name\" content=\"FBCV\" \/>\n<meta name=\"twitter:card\" content=\"summary_large_image\" \/>\n<meta name=\"twitter:label1\" content=\"Est. reading time\" \/>\n\t<meta name=\"twitter:data1\" content=\"5 minutes\" \/>\n<script type=\"application\/ld+json\" class=\"yoast-schema-graph\">{\"@context\":\"https:\/\/schema.org\",\"@graph\":[{\"@type\":\"WebPage\",\"@id\":\"https:\/\/www.fbcv.es\/vieja-informacion-cta\/\",\"url\":\"https:\/\/www.fbcv.es\/vieja-informacion-cta\/\",\"name\":\"vieja-informacion-cta - FBCV\",\"isPartOf\":{\"@id\":\"https:\/\/www.fbcv.es\/#website\"},\"datePublished\":\"2018-11-08T08:24:46+00:00\",\"dateModified\":\"2018-11-08T08:24:46+00:00\",\"breadcrumb\":{\"@id\":\"https:\/\/www.fbcv.es\/vieja-informacion-cta\/#breadcrumb\"},\"inLanguage\":\"va-ES\",\"potentialAction\":[{\"@type\":\"ReadAction\",\"target\":[\"https:\/\/www.fbcv.es\/vieja-informacion-cta\/\"]}]},{\"@type\":\"BreadcrumbList\",\"@id\":\"https:\/\/www.fbcv.es\/vieja-informacion-cta\/#breadcrumb\",\"itemListElement\":[{\"@type\":\"ListItem\",\"position\":1,\"name\":\"Portada\",\"item\":\"https:\/\/www.fbcv.es\/\"},{\"@type\":\"ListItem\",\"position\":2,\"name\":\"vieja-informacion-cta\"}]},{\"@type\":\"WebSite\",\"@id\":\"https:\/\/www.fbcv.es\/#website\",\"url\":\"https:\/\/www.fbcv.es\/\",\"name\":\"FBCV\",\"description\":\"FBCV\",\"potentialAction\":[{\"@type\":\"SearchAction\",\"target\":{\"@type\":\"EntryPoint\",\"urlTemplate\":\"https:\/\/www.fbcv.es\/?s={search_term_string}\"},\"query-input\":\"required name=search_term_string\"}],\"inLanguage\":\"va-ES\"}]}<\/script>\n<!-- \/ Yoast SEO Premium plugin. -->","yoast_head_json":{"title":"vieja-informacion-cta - FBCV","robots":{"index":"index","follow":"follow","max-snippet":"max-snippet:-1","max-image-preview":"max-image-preview:large","max-video-preview":"max-video-preview:-1"},"canonical":"https:\/\/www.fbcv.es\/va\/vieja-informacion-cta\/","og_locale":"en_US","og_type":"article","og_title":"vieja-informacion-cta","og_url":"https:\/\/www.fbcv.es\/va\/vieja-informacion-cta\/","og_site_name":"FBCV","twitter_card":"summary_large_image","twitter_misc":{"Est. reading time":"5 minutes"},"schema":{"@context":"https:\/\/schema.org","@graph":[{"@type":"WebPage","@id":"https:\/\/www.fbcv.es\/vieja-informacion-cta\/","url":"https:\/\/www.fbcv.es\/vieja-informacion-cta\/","name":"vieja-informacion-cta - FBCV","isPartOf":{"@id":"https:\/\/www.fbcv.es\/#website"},"datePublished":"2018-11-08T08:24:46+00:00","dateModified":"2018-11-08T08:24:46+00:00","breadcrumb":{"@id":"https:\/\/www.fbcv.es\/vieja-informacion-cta\/#breadcrumb"},"inLanguage":"va-ES","potentialAction":[{"@type":"ReadAction","target":["https:\/\/www.fbcv.es\/vieja-informacion-cta\/"]}]},{"@type":"BreadcrumbList","@id":"https:\/\/www.fbcv.es\/vieja-informacion-cta\/#breadcrumb","itemListElement":[{"@type":"ListItem","position":1,"name":"Portada","item":"https:\/\/www.fbcv.es\/"},{"@type":"ListItem","position":2,"name":"vieja-informacion-cta"}]},{"@type":"WebSite","@id":"https:\/\/www.fbcv.es\/#website","url":"https:\/\/www.fbcv.es\/","name":"FBCV","description":"FBCV","potentialAction":[{"@type":"SearchAction","target":{"@type":"EntryPoint","urlTemplate":"https:\/\/www.fbcv.es\/?s={search_term_string}"},"query-input":"required name=search_term_string"}],"inLanguage":"va-ES"}]}},"_links":{"self":[{"href":"https:\/\/www.fbcv.es\/va\/wp-json\/wp\/v2\/pages\/38902"}],"collection":[{"href":"https:\/\/www.fbcv.es\/va\/wp-json\/wp\/v2\/pages"}],"about":[{"href":"https:\/\/www.fbcv.es\/va\/wp-json\/wp\/v2\/types\/page"}],"author":[{"embeddable":true,"href":"https:\/\/www.fbcv.es\/va\/wp-json\/wp\/v2\/users\/10"}],"replies":[{"embeddable":true,"href":"https:\/\/www.fbcv.es\/va\/wp-json\/wp\/v2\/comments?post=38902"}],"version-history":[{"count":1,"href":"https:\/\/www.fbcv.es\/va\/wp-json\/wp\/v2\/pages\/38902\/revisions"}],"predecessor-version":[{"id":38903,"href":"https:\/\/www.fbcv.es\/va\/wp-json\/wp\/v2\/pages\/38902\/revisions\/38903"}],"wp:attachment":[{"href":"https:\/\/www.fbcv.es\/va\/wp-json\/wp\/v2\/media?parent=38902"}],"curies":[{"name":"wp","href":"https:\/\/api.w.org\/{rel}","templated":true}]}}