{"id":37937,"date":"2018-10-03T11:57:57","date_gmt":"2018-10-03T09:57:57","guid":{"rendered":"https:\/\/web.fbcv.es\/?page_id=37937"},"modified":"2026-04-17T16:03:43","modified_gmt":"2026-04-17T14:03:43","slug":"cursos-formacion-cta","status":"publish","type":"page","link":"https:\/\/www.fbcv.es\/va\/cta\/cursos-formacion","title":{"rendered":"Escuela de Arbitraje y de Oficiales de Mesa"},"content":{"rendered":"<div id=\"tdi_1\" class=\"tdc-zone\"><div class=\"tdc_zone tdi_2  wpb_row td-pb-row\"  >\n<style scoped>\n\/* custom css - generated by TagDiv Composer *\/\n\n\/* custom css - generated by TagDiv Composer *\/\n.tdi_2{\r\n                    min-height: 0;\r\n                }\n<\/style><div id=\"tdi_3\" class=\"tdc-row stretch_row_content td-stretch-content\"><div class=\"vc_row tdi_4  wpb_row td-pb-row\" >\n<style scoped>\n\/* custom css - generated by TagDiv Composer *\/\n\n\/* custom css - generated by TagDiv Composer *\/\n.tdi_4,\r\n                .tdi_4 .tdc-columns{\r\n                    min-height: 0;\r\n                }.tdi_4,\r\n\t\t\t\t.tdi_4 .tdc-columns{\r\n\t\t\t\t    display: block;\r\n\t\t\t\t}.tdi_4 .tdc-columns{\r\n\t\t\t\t    width: 100%;\r\n\t\t\t\t}.tdi_4:before,\r\n\t\t\t\t.tdi_4:after{\r\n\t\t\t\t    display: table;\r\n\t\t\t\t}\n<\/style><div class=\"vc_column tdi_6  wpb_column vc_column_container tdc-column td-pb-span12\">\n<style scoped>\n\/* custom css - generated by TagDiv Composer *\/\n\n\/* custom css - generated by TagDiv Composer *\/\n.tdi_6{\r\n                    vertical-align: baseline;\r\n                }.tdi_6 > .wpb_wrapper,\r\n\t\t\t\t.tdi_6 > .wpb_wrapper > .tdc-elements{\r\n\t\t\t\t    display: block;\r\n\t\t\t\t}.tdi_6 > .wpb_wrapper > .tdc-elements{\r\n\t\t\t\t    width: 100%;\r\n\t\t\t\t}.tdi_6 > .wpb_wrapper > .vc_row_inner{\r\n\t\t\t\t    width: auto;\r\n\t\t\t\t}.tdi_6 > .wpb_wrapper{\r\n\t\t\t\t    width: auto;\r\n\t\t\t\t    height: auto;\r\n\t\t\t\t}\n<\/style><div class=\"wpb_wrapper\" ><div class=\"wpb_wrapper td_block_wrap vc_raw_html tdi_8\">\n<style scoped>\n\/* custom css - generated by TagDiv Composer *\/\n\n\/* inline tdc_css att - generated by TagDiv Composer *\/\n\n.tdi_8{\nmargin-top:0px !important;\npadding-top:0px !important;\nborder-style:solid !important;\nborder-color:#888888 !important;\nborder-width: 0px 0px 0px 0px !important;\n}\n\n<\/style><div class=\"td-fix-index\"><div class=\"stripes big estatico\">\n<!--<img decoding=\"async\" class=\"ball1\" \n src=\"https:\/\/web.fbcv.es\/wp-content\/uploads\/2018\/06\/pelota1.png\" alt=\"fbcv1\">\n<img decoding=\"async\" class=\"ball2\" src=\"https:\/\/web.fbcv.es\/wp-content\/uploads\/2018\/06\/pelota2.png\" alt=\"fbcv2\">-->\n<div class=\"tira1\"><\/div>\n<div class=\"tira2\"><\/div>\n<div class=\"tira3\"><\/div>\n<div class=\"tira4\"><\/div>\n<div class=\"tira5\"><\/div>\n<div class=\"tira6\"><\/div>\n<div class=\"tira7\"><\/div>\n<div class=\"tira8\"><\/div>\n<\/div><\/div><\/div><\/div><\/div><\/div><\/div><div id=\"tdi_9\" class=\"tdc-row\"><div class=\"vc_row tdi_10  wpb_row td-pb-row\" >\n<style scoped>\n\/* custom css - generated by TagDiv Composer *\/\n\n\/* custom css - generated by TagDiv Composer *\/\n.tdi_10,\r\n                .tdi_10 .tdc-columns{\r\n                    min-height: 0;\r\n                }.tdi_10,\r\n\t\t\t\t.tdi_10 .tdc-columns{\r\n\t\t\t\t    display: block;\r\n\t\t\t\t}.tdi_10 .tdc-columns{\r\n\t\t\t\t    width: 100%;\r\n\t\t\t\t}.tdi_10:before,\r\n\t\t\t\t.tdi_10:after{\r\n\t\t\t\t    display: table;\r\n\t\t\t\t}\n<\/style><div class=\"vc_column tdi_12  wpb_column vc_column_container tdc-column td-pb-span12\">\n<style scoped>\n\/* custom css - generated by TagDiv Composer *\/\n\n\/* custom css - generated by TagDiv Composer *\/\n.tdi_12{\r\n                    vertical-align: baseline;\r\n                }.tdi_12 > .wpb_wrapper,\r\n\t\t\t\t.tdi_12 > .wpb_wrapper > .tdc-elements{\r\n\t\t\t\t    display: block;\r\n\t\t\t\t}.tdi_12 > .wpb_wrapper > .tdc-elements{\r\n\t\t\t\t    width: 100%;\r\n\t\t\t\t}.tdi_12 > .wpb_wrapper > .vc_row_inner{\r\n\t\t\t\t    width: auto;\r\n\t\t\t\t}.tdi_12 > .wpb_wrapper{\r\n\t\t\t\t    width: auto;\r\n\t\t\t\t    height: auto;\r\n\t\t\t\t}\n<\/style><div class=\"wpb_wrapper\" ><div class=\"wpb_wrapper td_block_wrap vc_raw_html tdi_14\"><div class=\"td-fix-index\"><div class=\"breadcrumbs breadcrumbs-pagina\"><a href=\"\/va\/\">Inici<\/a><span> ><\/span><a href=\"https:\/\/www.fbcv.es\/va\/cta\/\">\u00c1rea Arbitral<\/a><span> ><\/span><a href=\"\/va\/cta\/cursos-formacion\/\"><b>Escuela de Arbitraje y de Oficiales de Mesa<\/b><\/a>\n<\/div>\n<div class=\"principal-box\">\n\t<div class=\"bloque_principal\">\n\t\t<img decoding=\"async\" src=\"\/wp-content\/uploads\/2025\/06\/ES-TU-MOMENTO.png\" style=\"width:400%;\">\t\t\n\t<\/div>\n<\/div>\n<div class=\"principal-box\" style=\"grid-template-columns: 1fr 1fr;\/*! width: 400%; *\/\">\n<div class=\"bloque_principal\" style=\"padding: 10px;margin-top: -38px;margin-bottom: auto;width: calc(100% - 10px);\">\n<div class=\"div-inscribete\">\n<a class=\"inscribete\" href=\"https:\/\/www.fbcv.es\/wp-content\/uploads\/2025\/06\/Dossier_Arbitral_2025.pdf\" target=\"_blank\">Descarga toda la informacion<\/a>\n<\/div>\n<\/div>\n<div class=\"bloque_principal\" style=\"padding: 10px;margin-top: -33px;margin-bottom: auto;width: calc(100% - 10px);margin-left: -5px;\">\n<div class=\"div-comun\">\n<a class=\"comun\" href=\"\/va\/cta\/cursos-formacion\/calendario-cursos\/\"> Inscriu-te a un curs <\/a>\n<\/div>\n<\/div>\n<\/div><\/div><\/div><\/div><\/div><\/div><\/div><div id=\"tdi_15\" class=\"tdc-row stretch_row_content td-stretch-content\"><div class=\"vc_row tdi_16 row-blanco wpb_row td-pb-row\" >\n<style scoped>\n\/* custom css - generated by TagDiv Composer *\/\n\n\/* custom css - generated by TagDiv Composer *\/\n.tdi_16,\r\n                .tdi_16 .tdc-columns{\r\n                    min-height: 0;\r\n                }.tdi_16,\r\n\t\t\t\t.tdi_16 .tdc-columns{\r\n\t\t\t\t    display: block;\r\n\t\t\t\t}.tdi_16 .tdc-columns{\r\n\t\t\t\t    width: 100%;\r\n\t\t\t\t}.tdi_16:before,\r\n\t\t\t\t.tdi_16:after{\r\n\t\t\t\t    display: table;\r\n\t\t\t\t}\n<\/style><div class=\"vc_column tdi_18  wpb_column vc_column_container tdc-column td-pb-span12\">\n<style scoped>\n\/* custom css - generated by TagDiv Composer *\/\n\n\/* custom css - generated by TagDiv Composer *\/\n.tdi_18{\r\n                    vertical-align: baseline;\r\n                }.tdi_18 > .wpb_wrapper,\r\n\t\t\t\t.tdi_18 > .wpb_wrapper > .tdc-elements{\r\n\t\t\t\t    display: block;\r\n\t\t\t\t}.tdi_18 > .wpb_wrapper > .tdc-elements{\r\n\t\t\t\t    width: 100%;\r\n\t\t\t\t}.tdi_18 > .wpb_wrapper > .vc_row_inner{\r\n\t\t\t\t    width: auto;\r\n\t\t\t\t}.tdi_18 > .wpb_wrapper{\r\n\t\t\t\t    width: auto;\r\n\t\t\t\t    height: auto;\r\n\t\t\t\t}\n<\/style><div class=\"wpb_wrapper\" ><div class=\"wpb_wrapper td_block_wrap vc_raw_html tdi_20\"><div class=\"td-fix-index\"><div class=\"contenido-texto\" id=\"nuestros-cursos\"> \n<h1> Els nostres cursos<\/h1>\n<p>Los cursos arbitrales te permitir\u00e1n <b>acceder al \u00c1rea Arbitral. <\/b> Es la v\u00eda \u00fanica e imprescindible para que practiques baloncesto <b>adquiriendo los conocimientos y habilidades necesarias<\/b> para poder realizar el trabajo de arbitraje y de anotaci\u00f3n en los encuentros.\n<\/p>\n<\/div><\/div><\/div><div class=\"wpb_wrapper td_block_wrap vc_raw_html tdi_22 hide\"><div class=\"td-fix-index\"><div class=\"stripes-pt-1\"><\/div>\n<div class=\"stripes-pt-2\"><\/div>\n<div class=\"stripes-pt-3\"><\/div>\n<div class=\"stripes-pt-4\"><\/div>\n\n<div class=\"f1 check-rosa calendario-f1\">\n\n <div class=\"columna-1\">\n\n    <div class=\"parrafo\">\n      <h4 class=\"presencial\">Presencial<\/h4>\n      <p class=\" translation-block\">Un <b>horari adaptat<\/b> a tu, per a compaginar-lo amb la teua vida personal i laboral.<\/p>\n    <\/div>\n\n    <div class=\"parrafo\">\n      <h4 class=\"no-presencial\"> No presencial <\/h4>\n      <p class=\" translation-block\">El material de la part no presencial est\u00e0 dividit en <b>blocs de tres dies<\/b>. A l'inici de cada bloc es publicar\u00e0 el material i els test de les assignatures que corresponga segons la programaci\u00f3 did\u00e0ctica de l'assignatura, que l'alumne haur\u00e0 de realitzar.<\/p>\n    <\/div>\n\n    <div class=\"parrafo\">\n      <h4 class=\"adaptado-a-ti\">Adaptat a tu <\/h4>\n      <p class=\" translation-block\">Cada curs est\u00e0 compost per diferents <b>assignatures<\/b>, distribu\u00efdes en <b>unitats did\u00e0ctiques<\/b> organitzades en <b>blocs de temps<\/b> de tres dies.<\/p>\n<p class=\"boton-apuntate\">\n             <a href=\"\/va\/cta\/cursos-formacion\/calendario-cursos\/\" class=\"button-normal button-normal--default\">\n                Apunta't\n              <\/a><\/p>\n    <\/div>\n  <\/div>\n\n  <div class=\"columna-2\">\n\n    <div class=\"agenda\">\n\n\n    <\/div>\n\n  <\/div>\n\n<\/div><\/div><\/div><div class=\"wpb_wrapper td_block_wrap vc_raw_html tdi_24\"><div class=\"td-fix-index\">\n<h2  id=\"como-son\" class=\"common-PageTitle\">\nCom s\u00f3n els nostres cursos?<\/h2>\n\n<div class=\"f24\">\n\t\n\t<div>\n\t\t<div class=\"Section-quote Section-quote--vertical\">\n\t\t    <div class=\"Section-quotePhoto Section-quotePhoto--warbyParker\"><\/div>\n\n\t\t    <blockquote class=\"Quote Quote--warbyParker\">\n\t\t    \n\t\t      <p>L'equilibri perfecte entre la teoria i la pr\u00e0ctica, amb classes presencials i no presencials i un horari adaptat a les teues necessitats.<\/p>\n\n\t\t    <\/blockquote>\n\t\t<\/div>\n\t<\/div>\n\n\n<!-- nivel 1-->\n\t<div class=\"section-col\">\n\t\t\t\t<img decoding=\"async\" src=\"\/wp-content\/uploads\/2023\/07\/cursos-cta-100x100.png\">\n\n\t\t\t\t<div class=\"texto_quote ajuste_altura\">Cursos d'Arbitratge. Sent el b\u00e0squet arbitrant.<\/div>\n\n\t\t\t\t<div class=\"texto_quote\"><span class=\"big\">78 horas<\/span><\/div>\n\n\t\t\t\t<div class=\"texto_quote\"><span class=\"big\">75 \u20ac<\/span><\/div>\n\t\t\t\t<a href=\"\/va\/cta\/cursos-formacion\/calendario-cursos\/\" class=\"button-normal button-normal--default\">Apunta't<\/a>\n\n\n\t<\/div>\n\n\t<!-- nivel 2-->\n\t<div class=\"section-col\">\n\t\t<img decoding=\"async\" src=\"\/wp-content\/uploads\/2023\/07\/oficial-mesa-100x100.png\">\n\n\t\t<div class=\"texto_quote ajuste_altura\">Cursos Oficial de Taula. Viu el b\u00e0squet en primera l\u00ednia. <\/div>\n\n\t\t<div class=\"texto_quote\"><span class=\"big\">21 horas<\/span><\/div>\n\n\t\t<div class=\"texto_quote\"><span class=\"big\">60 \u20ac<\/span><\/div>\n\t\t\t\t<a href=\"\/va\/cta\/cursos-formacion\/calendario-cursos\/\" class=\"button-normal button-normal--default\">Apunta't<\/a>\n\n\t<\/div>\n\n\n<\/div>\n\n<div class=\"center_agenda_detallada\">\n<a href=\"\/va\/cta\/cursos-formacion\/calendario-cursos\/\" class=\"button-normal button-normal--default agenda-detallada\"> Calendari de cursos <\/a>\n<\/div><\/div><\/div><\/div><\/div><\/div><\/div><div id=\"tdi_25\" class=\"tdc-row stretch_row_content td-stretch-content\"><div class=\"vc_row tdi_26 row-blanco wpb_row td-pb-row\" >\n<style scoped>\n\/* custom css - generated by TagDiv Composer *\/\n\n\/* custom css - generated by TagDiv Composer *\/\n.tdi_26,\r\n                .tdi_26 .tdc-columns{\r\n                    min-height: 0;\r\n                }.tdi_26,\r\n\t\t\t\t.tdi_26 .tdc-columns{\r\n\t\t\t\t    display: block;\r\n\t\t\t\t}.tdi_26 .tdc-columns{\r\n\t\t\t\t    width: 100%;\r\n\t\t\t\t}.tdi_26:before,\r\n\t\t\t\t.tdi_26:after{\r\n\t\t\t\t    display: table;\r\n\t\t\t\t}\n<\/style><div class=\"vc_column tdi_28 contenido_pt wpb_column vc_column_container tdc-column td-pb-span12\">\n<style scoped>\n\/* custom css - generated by TagDiv Composer *\/\n\n\/* custom css - generated by TagDiv Composer *\/\n.tdi_28{\r\n                    vertical-align: baseline;\r\n                }.tdi_28 > .wpb_wrapper,\r\n\t\t\t\t.tdi_28 > .wpb_wrapper > .tdc-elements{\r\n\t\t\t\t    display: block;\r\n\t\t\t\t}.tdi_28 > .wpb_wrapper > .tdc-elements{\r\n\t\t\t\t    width: 100%;\r\n\t\t\t\t}.tdi_28 > .wpb_wrapper > .vc_row_inner{\r\n\t\t\t\t    width: auto;\r\n\t\t\t\t}.tdi_28 > .wpb_wrapper{\r\n\t\t\t\t    width: auto;\r\n\t\t\t\t    height: auto;\r\n\t\t\t\t}\n<\/style><div class=\"wpb_wrapper\" ><div class=\"wpb_wrapper td_block_wrap vc_raw_html tdi_30\"><div class=\"td-fix-index\"><div class=\"f16\" id=\"requisitos\">\n<h2 class=\"common-PageTitle\">\nRequisits d\u2019acc\u00e9s  <\/h2>\n<div class=\"grid\">\n      <div class=\"columna\">\n\n        <img decoding=\"async\" class=\"icon\" src=\"\/wp-content\/uploads\/2018\/11\/requisitos0.png\" width=\"52px\">\n        <p class=\"common-BodyText\">Para inscribirse a los cursos de cualquier nivel ser\u00e1 requisito necesario haber cumplido 15 a\u00f1os el d\u00eda que se inicia el curso, adem\u00e1s de ser espa\u00f1ol, pertenecer a alguno de los Estados miembros de la Uni\u00f3n Europea o del Espacio Econ\u00f3mico Europeo, o haber solicitado la residencia legal en Espa\u00f1a en caso de ser extranjero.<\/p>\n      <\/div>\n\n\n      <div class=\"columna\">\n        <img decoding=\"async\" class=\"icon\" src=\"\/wp-content\/uploads\/2018\/11\/requisitos2.png\" width=\"52px\">\n        <p class=\"common-BodyText\">La inscripci\u00f3n a los cursos es compatible con las licencias FBCV de jugador\/a, entrenado\/a, asistente y delegado de campo que est\u00e9n en vigor.\n<\/p>\n      <\/div>\n\n      <div class=\"columna\">\n            <img decoding=\"async\" class=\"icon\" src=\"\/wp-content\/uploads\/2018\/11\/requisitos3.png\" width=\"52px\">\n            <p class=\"common-BodyText\">Los alumnos\/as se considerar\u00e1n admitidos cuando cumplimenten todos los pasos de la inscripci\u00f3n, siguiendo estrictamente el orden de inscripci\u00f3n para la ocupaci\u00f3n de las plazas disponibles.\n<\/p>\n      <\/div>\n\n<\/div>\n<\/div><\/div><\/div><\/div><\/div><\/div><\/div><\/div><\/div>","protected":false},"excerpt":{"rendered":"","protected":false},"author":10,"featured_media":0,"parent":0,"menu_order":0,"comment_status":"closed","ping_status":"closed","template":"","meta":{"_acf_changed":false,"_monsterinsights_skip_tracking":false,"_monsterinsights_sitenote_active":false,"_monsterinsights_sitenote_note":"","_monsterinsights_sitenote_category":0,"footnotes":""},"acf":[],"yoast_head":"<!-- This site is optimized with the Yoast SEO Premium plugin v23.0 (Yoast SEO v23.0) - https:\/\/yoast.com\/wordpress\/plugins\/seo\/ -->\n<title>Escuela de Arbitraje y de Oficiales de Mesa - FBCV<\/title>\n<meta name=\"robots\" content=\"index, follow, max-snippet:-1, max-image-preview:large, max-video-preview:-1\" \/>\n<link rel=\"canonical\" href=\"https:\/\/www.fbcv.es\/va\/cta\/cursos-formacion\/\" \/>\n<meta property=\"og:locale\" content=\"en_US\" \/>\n<meta property=\"og:type\" content=\"article\" \/>\n<meta property=\"og:title\" content=\"Escuela de Arbitraje y de Oficiales de Mesa\" \/>\n<meta property=\"og:url\" content=\"https:\/\/www.fbcv.es\/va\/cta\/cursos-formacion\/\" \/>\n<meta property=\"og:site_name\" content=\"FBCV\" \/>\n<meta property=\"article:modified_time\" content=\"2026-04-17T14:03:43+00:00\" \/>\n<meta name=\"twitter:card\" content=\"summary_large_image\" \/>\n<meta name=\"twitter:label1\" content=\"Est. reading time\" \/>\n\t<meta name=\"twitter:data1\" content=\"5 minutes\" \/>\n<script type=\"application\/ld+json\" class=\"yoast-schema-graph\">{\"@context\":\"https:\/\/schema.org\",\"@graph\":[{\"@type\":\"WebPage\",\"@id\":\"https:\/\/www.fbcv.es\/cta\/cursos-formacion\/\",\"url\":\"https:\/\/www.fbcv.es\/cta\/cursos-formacion\/\",\"name\":\"Escuela de Arbitraje y de Oficiales de Mesa - FBCV\",\"isPartOf\":{\"@id\":\"https:\/\/www.fbcv.es\/#website\"},\"datePublished\":\"2018-10-03T09:57:57+00:00\",\"dateModified\":\"2026-04-17T14:03:43+00:00\",\"breadcrumb\":{\"@id\":\"https:\/\/www.fbcv.es\/cta\/cursos-formacion\/#breadcrumb\"},\"inLanguage\":\"va-ES\",\"potentialAction\":[{\"@type\":\"ReadAction\",\"target\":[\"https:\/\/www.fbcv.es\/cta\/cursos-formacion\/\"]}]},{\"@type\":\"BreadcrumbList\",\"@id\":\"https:\/\/www.fbcv.es\/cta\/cursos-formacion\/#breadcrumb\",\"itemListElement\":[{\"@type\":\"ListItem\",\"position\":1,\"name\":\"Portada\",\"item\":\"https:\/\/www.fbcv.es\/\"},{\"@type\":\"ListItem\",\"position\":2,\"name\":\"Escuela de Arbitraje y de Oficiales de Mesa\"}]},{\"@type\":\"WebSite\",\"@id\":\"https:\/\/www.fbcv.es\/#website\",\"url\":\"https:\/\/www.fbcv.es\/\",\"name\":\"FBCV\",\"description\":\"FBCV\",\"potentialAction\":[{\"@type\":\"SearchAction\",\"target\":{\"@type\":\"EntryPoint\",\"urlTemplate\":\"https:\/\/www.fbcv.es\/?s={search_term_string}\"},\"query-input\":\"required name=search_term_string\"}],\"inLanguage\":\"va-ES\"}]}<\/script>\n<!-- \/ Yoast SEO Premium plugin. -->","yoast_head_json":{"title":"Escuela de Arbitraje y de Oficiales de Mesa - FBCV","robots":{"index":"index","follow":"follow","max-snippet":"max-snippet:-1","max-image-preview":"max-image-preview:large","max-video-preview":"max-video-preview:-1"},"canonical":"https:\/\/www.fbcv.es\/va\/cta\/cursos-formacion\/","og_locale":"en_US","og_type":"article","og_title":"Escuela de Arbitraje y de Oficiales de Mesa","og_url":"https:\/\/www.fbcv.es\/va\/cta\/cursos-formacion\/","og_site_name":"FBCV","article_modified_time":"2026-04-17T14:03:43+00:00","twitter_card":"summary_large_image","twitter_misc":{"Est. reading time":"5 minutes"},"schema":{"@context":"https:\/\/schema.org","@graph":[{"@type":"WebPage","@id":"https:\/\/www.fbcv.es\/cta\/cursos-formacion\/","url":"https:\/\/www.fbcv.es\/cta\/cursos-formacion\/","name":"Escuela de Arbitraje y de Oficiales de Mesa - FBCV","isPartOf":{"@id":"https:\/\/www.fbcv.es\/#website"},"datePublished":"2018-10-03T09:57:57+00:00","dateModified":"2026-04-17T14:03:43+00:00","breadcrumb":{"@id":"https:\/\/www.fbcv.es\/cta\/cursos-formacion\/#breadcrumb"},"inLanguage":"va-ES","potentialAction":[{"@type":"ReadAction","target":["https:\/\/www.fbcv.es\/cta\/cursos-formacion\/"]}]},{"@type":"BreadcrumbList","@id":"https:\/\/www.fbcv.es\/cta\/cursos-formacion\/#breadcrumb","itemListElement":[{"@type":"ListItem","position":1,"name":"Portada","item":"https:\/\/www.fbcv.es\/"},{"@type":"ListItem","position":2,"name":"Escuela de Arbitraje y de Oficiales de Mesa"}]},{"@type":"WebSite","@id":"https:\/\/www.fbcv.es\/#website","url":"https:\/\/www.fbcv.es\/","name":"FBCV","description":"FBCV","potentialAction":[{"@type":"SearchAction","target":{"@type":"EntryPoint","urlTemplate":"https:\/\/www.fbcv.es\/?s={search_term_string}"},"query-input":"required name=search_term_string"}],"inLanguage":"va-ES"}]}},"_links":{"self":[{"href":"https:\/\/www.fbcv.es\/va\/wp-json\/wp\/v2\/pages\/37937"}],"collection":[{"href":"https:\/\/www.fbcv.es\/va\/wp-json\/wp\/v2\/pages"}],"about":[{"href":"https:\/\/www.fbcv.es\/va\/wp-json\/wp\/v2\/types\/page"}],"author":[{"embeddable":true,"href":"https:\/\/www.fbcv.es\/va\/wp-json\/wp\/v2\/users\/10"}],"replies":[{"embeddable":true,"href":"https:\/\/www.fbcv.es\/va\/wp-json\/wp\/v2\/comments?post=37937"}],"version-history":[{"count":109,"href":"https:\/\/www.fbcv.es\/va\/wp-json\/wp\/v2\/pages\/37937\/revisions"}],"predecessor-version":[{"id":137670,"href":"https:\/\/www.fbcv.es\/va\/wp-json\/wp\/v2\/pages\/37937\/revisions\/137670"}],"wp:attachment":[{"href":"https:\/\/www.fbcv.es\/va\/wp-json\/wp\/v2\/media?parent=37937"}],"curies":[{"name":"wp","href":"https:\/\/api.w.org\/{rel}","templated":true}]}}