{"id":128304,"date":"2025-07-23T10:37:42","date_gmt":"2025-07-23T08:37:42","guid":{"rendered":"https:\/\/www.fbcv.es\/?page_id=128304"},"modified":"2025-07-23T12:04:12","modified_gmt":"2025-07-23T10:04:12","slug":"eliminacion-cuenta-app-oficial","status":"publish","type":"page","link":"https:\/\/www.fbcv.es\/va\/varios\/eliminacion-cuenta-app-oficial\/","title":{"rendered":"Eliminaci\u00f3n Cuenta APP Oficial"},"content":{"rendered":"<div id=\"tdi_1\" class=\"tdc-zone\"><div class=\"tdc_zone tdi_2  wpb_row td-pb-row\"  >\n<style scoped>\n\/* custom css - generated by TagDiv Composer *\/\n\n\/* custom css - generated by TagDiv Composer *\/\n.tdi_2{\r\n                    min-height: 0;\r\n                }\n<\/style><div id=\"tdi_3\" class=\"tdc-row\"><div class=\"vc_row tdi_4  wpb_row td-pb-row\" >\n<style scoped>\n\/* custom css - generated by TagDiv Composer *\/\n\n\/* custom css - generated by TagDiv Composer *\/\n.tdi_4,\r\n                .tdi_4 .tdc-columns{\r\n                    min-height: 0;\r\n                }.tdi_4,\r\n\t\t\t\t.tdi_4 .tdc-columns{\r\n\t\t\t\t    display: block;\r\n\t\t\t\t}.tdi_4 .tdc-columns{\r\n\t\t\t\t    width: 100%;\r\n\t\t\t\t}.tdi_4:before,\r\n\t\t\t\t.tdi_4:after{\r\n\t\t\t\t    display: table;\r\n\t\t\t\t}\n<\/style><div class=\"vc_column tdi_6  wpb_column vc_column_container tdc-column td-pb-span12\">\n<style scoped>\n\/* custom css - generated by TagDiv Composer *\/\n\n\/* custom css - generated by TagDiv Composer *\/\n.tdi_6{\r\n                    vertical-align: baseline;\r\n                }.tdi_6 > .wpb_wrapper,\r\n\t\t\t\t.tdi_6 > .wpb_wrapper > .tdc-elements{\r\n\t\t\t\t    display: block;\r\n\t\t\t\t}.tdi_6 > .wpb_wrapper > .tdc-elements{\r\n\t\t\t\t    width: 100%;\r\n\t\t\t\t}.tdi_6 > .wpb_wrapper > .vc_row_inner{\r\n\t\t\t\t    width: auto;\r\n\t\t\t\t}.tdi_6 > .wpb_wrapper{\r\n\t\t\t\t    width: auto;\r\n\t\t\t\t    height: auto;\r\n\t\t\t\t}\n<\/style><div class=\"wpb_wrapper\" ><\/div><\/div><\/div><\/div><div id=\"tdi_7\" class=\"tdc-row\"><div class=\"vc_row tdi_8  wpb_row td-pb-row\" >\n<style scoped>\n\/* custom css - generated by TagDiv Composer *\/\n\n\/* custom css - generated by TagDiv Composer *\/\n.tdi_8,\r\n                .tdi_8 .tdc-columns{\r\n                    min-height: 0;\r\n                }.tdi_8,\r\n\t\t\t\t.tdi_8 .tdc-columns{\r\n\t\t\t\t    display: block;\r\n\t\t\t\t}.tdi_8 .tdc-columns{\r\n\t\t\t\t    width: 100%;\r\n\t\t\t\t}.tdi_8:before,\r\n\t\t\t\t.tdi_8:after{\r\n\t\t\t\t    display: table;\r\n\t\t\t\t}\n<\/style><div class=\"vc_column tdi_10  wpb_column vc_column_container tdc-column td-pb-span12\">\n<style scoped>\n\/* custom css - generated by TagDiv Composer *\/\n\n\/* custom css - generated by TagDiv Composer *\/\n.tdi_10{\r\n                    vertical-align: baseline;\r\n                }.tdi_10 > .wpb_wrapper,\r\n\t\t\t\t.tdi_10 > .wpb_wrapper > .tdc-elements{\r\n\t\t\t\t    display: block;\r\n\t\t\t\t}.tdi_10 > .wpb_wrapper > .tdc-elements{\r\n\t\t\t\t    width: 100%;\r\n\t\t\t\t}.tdi_10 > .wpb_wrapper > .vc_row_inner{\r\n\t\t\t\t    width: auto;\r\n\t\t\t\t}.tdi_10 > .wpb_wrapper{\r\n\t\t\t\t    width: auto;\r\n\t\t\t\t    height: auto;\r\n\t\t\t\t}div.tdi_10{\r\n\t\t\t\t    width: 100% !important;\r\n\t\t\t\t}\n<\/style><div class=\"wpb_wrapper\" ><div class=\"wpb_wrapper td_block_wrap vc_raw_html tdi_12\"><div class=\"td-fix-index\"><div class=\"breadcrumbs breadcrumb-basica\"> <a href=\"\/va\/\">Inici <\/a> <span> > <\/span> <a href=\"\/va\/varios\/\">FBCV <\/a>  <span> > <\/span>  <a href=\"\/va\/varios\/eliminacion-cuenta-app-oficial\/\"><b> Eliminaci\u00f3n Cuenta APP Oficial<\/b><\/a>  \n<\/div><\/div><\/div><div class=\"wpb_wrapper td_block_wrap vc_raw_html tdi_14\"><div class=\"td-fix-index\"><h1 class=\"titulo-pagina-fbcv\">Solicitud de Eliminaci\u00f3n de la cuenta de la aplicaci\u00f3n de FBCV<\/h1><\/div><\/div><div class=\"wpb_wrapper td_block_wrap vc_raw_html tdi_16\"><div class=\"td-fix-index\"><div class=\"stripes-pt-1\"><\/div>\n<div class=\"stripes-pt-2\"><\/div>\n<div class=\"stripes-pt-3\"><\/div>\n<div class=\"stripes-pt-4\"><\/div><\/div><\/div><div class=\"td_block_wrap td_block_text_with_title tdi_17 tagdiv-type td-pb-border-top td_block_template_9\"  data-td-block-uid=\"tdi_17\" >\n<style>\n\/* custom css - generated by TagDiv Composer *\/\n.td_block_text_with_title{\r\n                  margin-bottom: 44px;\r\n                  -webkit-transform: translateZ(0);\r\n                  transform: translateZ(0);\r\n                }.td_block_text_with_title p:last-child{\r\n                  margin-bottom: 0;\r\n                }\n<\/style><div class=\"td-block-title-wrap\"><\/div><div class=\"td_mod_wrap td-fix-index\"><div>A continuaci\u00f3n se presentan los pasos a seguir para eliminar la cuenta de usuario de la aplicaci\u00f3n.<br \/>Cuando la cuenta de la APP ha sido eliminada, los datos que se eliminan son el correo electr\u00f3nico utilizado para registrarse y se perder\u00e1 el acceso a la parte privada de la aplicaci\u00f3n.<br \/>Otros datos que puedan aparecer en la aplicaci\u00f3n, se mantendr\u00e1n ya que son necesarios para estar dado de alta como federado de la federaci\u00f3n.<\/div>\n<div>\n<h2>Solicitud de Eliminaci\u00f3n de la cuenta de la aplicaci\u00f3n de FBCV<\/h2>\n<div>\n<div>Querido usuario,<\/div>\n<div>Con el fin de llevar a cabo el proceso de eliminaci\u00f3n de su cuenta en nuestra aplicaci\u00f3n, le pedimos que siga estos sencillos pasos que garantizar\u00e1n la gesti\u00f3n efectiva de su solicitud de Eliminaci\u00f3n. A continuaci\u00f3n, detallamos el procedimiento:<\/div>\n<\/div>\n<h3>Paso 1: Composici\u00f3n del correo electr\u00f3nico<\/h3>\n<p>Vaya a su direcci\u00f3n de correo electr\u00f3nico y cree un nuevo mensaje. En el campo &#8220;Para&#8221;, ingrese la siguiente direcci\u00f3n de correo electr\u00f3nico: <a href=\"mailto:app@fbcv.es\">app@fbcv.es<\/a><\/p>\n<h3>Paso 2: Asunto del correo electr\u00f3nico<\/h3>\n<p>En el campo de &#8220;Asunto&#8221;, por favor escriba &#8220;Solicitud de Eliminaci\u00f3n de Cuenta&#8221;.<\/p>\n<h3>Paso 3: Contenido de correo<\/h3>\n<p>En el cuerpo del mensaje, indica claramente su deseo de darse de baja su cuenta de nuestra aplicaci\u00f3n. Proporcionar la siguiente informaci\u00f3n para agilizar el proceso:<\/p>\n<ul>\n<li>Cuenta de correo electr\u00f3nico de usuario para eliminar<\/li>\n<li>Nombre y apellido<\/li>\n<\/ul>\n<h3>Paso 4: Enviar correo electr\u00f3nico<\/h3>\n<p>Una vez que haya completado el contenido del correo, haga clic en el bot\u00f3n enviar, para remitirnos su solicitud a nuestro equipo de soporte.<br \/><strong>Importante:<\/strong><\/p>\n<ul>\n<li>Aseg\u00farese de enviar la solicitud desde la direcci\u00f3n de correo electr\u00f3nico asociada con la cuenta que desea eliminar.<\/li>\n<li>Recibir\u00e1 una confirmaci\u00f3n de nuestro equipo una vez que la solicitud haya sido procesada.<\/li>\n<\/ul>\n<p>Agradecemos su comprensi\u00f3n y esperamos proporcionarle la mejor ayuda durante este proceso.\n<\/p><\/div>\n<\/div><\/div><div class=\"wpb_wrapper td_block_wrap vc_raw_html tdi_19\"><div class=\"td-fix-index\"><h1 class=\"titulo-pagina-fbcv\">Eliminar la cuenta de la aplicaci\u00f3n de FBCV<\/h1><\/div><\/div><div class=\"td_block_wrap td_block_text_with_title tdi_20 tagdiv-type td-pb-border-top td_block_template_9\"  data-td-block-uid=\"tdi_20\" ><div class=\"td-block-title-wrap\"><\/div><div class=\"td_mod_wrap td-fix-index\"><div>Querido usuario,<\/div>\n<div>\nCon el fin de llevar a cabo el proceso de eliminaci\u00f3n de su cuenta en nuestra aplicaci\u00f3n, le pedimos que siga los sencillos pasos que garantizar\u00e1n la gesti\u00f3n efectiva de su solicitud. A continuaci\u00f3n, detallamos el procedimiento:<\/p>\n<ul>\n<li>En cualquier pantalla de la aplicaci\u00f3n, toca el icono en la esquina inferior derecha. Es un icono con tres l\u00edneas horizontales. Este icono permite acceder al men\u00fa de configuraci\u00f3n de la aplicaci\u00f3n.<\/li>\n<\/ul>\n<p><img decoding=\"async\" class=\"\" src=\"https:\/\/www.fbcv.es\/wp-content\/uploads\/2025\/07\/1003556104.jpg\" alt=\"Proceso Eliminaci\u00f3n App 1\" width=\"336\" height=\"747\" \/><\/p>\n<ul>\n<li>Luego, en la esquina superior derecha, aparecer\u00e1 un icono de una rueda dentada. Haz clic en \u00e9l.<\/li>\n<\/ul>\n<p><img decoding=\"async\" class=\"\" src=\"https:\/\/www.fbcv.es\/wp-content\/uploads\/2025\/07\/1003556105.jpg\" alt=\"Proceso Eliminaci\u00f3n App 2\" width=\"341\" height=\"757\" \/><\/p>\n<ul>\n<li>Abrir\u00e1s la pantalla donde podr\u00e1s ver en la parte inferior de la aplicaci\u00f3n un bot\u00f3n rojo que ver\u00e1s en la parte inferior de la aplicaci\u00f3n. Haga clic para eliminar la cuenta.<\/li>\n<\/ul>\n<\/div>\n<\/div><\/div><\/div><\/div><\/div><\/div><\/div><\/div>","protected":false},"excerpt":{"rendered":"","protected":false},"author":5,"featured_media":0,"parent":0,"menu_order":0,"comment_status":"closed","ping_status":"closed","template":"","meta":{"_acf_changed":false,"_monsterinsights_skip_tracking":false,"_monsterinsights_sitenote_active":false,"_monsterinsights_sitenote_note":"","_monsterinsights_sitenote_category":0,"footnotes":""},"acf":[],"yoast_head":"<!-- This site is optimized with the Yoast SEO Premium plugin v23.0 (Yoast SEO v23.0) - https:\/\/yoast.com\/wordpress\/plugins\/seo\/ -->\n<title>Eliminaci\u00f3n Cuenta APP Oficial - FBCV<\/title>\n<meta name=\"robots\" content=\"index, follow, max-snippet:-1, max-image-preview:large, max-video-preview:-1\" \/>\n<link rel=\"canonical\" href=\"https:\/\/www.fbcv.es\/va\/varios\/eliminacion-cuenta-app-oficial\/\" \/>\n<meta property=\"og:locale\" content=\"en_US\" \/>\n<meta property=\"og:type\" content=\"article\" \/>\n<meta property=\"og:title\" content=\"Eliminaci\u00f3n Cuenta APP Oficial\" \/>\n<meta property=\"og:url\" content=\"https:\/\/www.fbcv.es\/va\/varios\/eliminacion-cuenta-app-oficial\/\" \/>\n<meta property=\"og:site_name\" content=\"FBCV\" \/>\n<meta property=\"article:modified_time\" content=\"2025-07-23T10:04:12+00:00\" \/>\n<meta property=\"og:image\" content=\"https:\/\/www.fbcv.es\/wp-content\/uploads\/2025\/07\/1003556104.jpg\" \/>\n<meta name=\"twitter:card\" content=\"summary_large_image\" \/>\n<meta name=\"twitter:label1\" content=\"Est. reading time\" \/>\n\t<meta name=\"twitter:data1\" content=\"1 minute\" \/>\n<script type=\"application\/ld+json\" class=\"yoast-schema-graph\">{\"@context\":\"https:\/\/schema.org\",\"@graph\":[{\"@type\":\"WebPage\",\"@id\":\"https:\/\/www.fbcv.es\/varios\/eliminacion-cuenta-app-oficial\/\",\"url\":\"https:\/\/www.fbcv.es\/varios\/eliminacion-cuenta-app-oficial\/\",\"name\":\"Eliminaci\u00f3n Cuenta APP Oficial - FBCV\",\"isPartOf\":{\"@id\":\"https:\/\/www.fbcv.es\/#website\"},\"primaryImageOfPage\":{\"@id\":\"https:\/\/www.fbcv.es\/varios\/eliminacion-cuenta-app-oficial\/#primaryimage\"},\"image\":{\"@id\":\"https:\/\/www.fbcv.es\/varios\/eliminacion-cuenta-app-oficial\/#primaryimage\"},\"thumbnailUrl\":\"https:\/\/www.fbcv.es\/wp-content\/uploads\/2025\/07\/1003556104.jpg\",\"datePublished\":\"2025-07-23T08:37:42+00:00\",\"dateModified\":\"2025-07-23T10:04:12+00:00\",\"breadcrumb\":{\"@id\":\"https:\/\/www.fbcv.es\/varios\/eliminacion-cuenta-app-oficial\/#breadcrumb\"},\"inLanguage\":\"va-ES\",\"potentialAction\":[{\"@type\":\"ReadAction\",\"target\":[\"https:\/\/www.fbcv.es\/varios\/eliminacion-cuenta-app-oficial\/\"]}]},{\"@type\":\"ImageObject\",\"inLanguage\":\"va-ES\",\"@id\":\"https:\/\/www.fbcv.es\/varios\/eliminacion-cuenta-app-oficial\/#primaryimage\",\"url\":\"https:\/\/www.fbcv.es\/wp-content\/uploads\/2025\/07\/1003556104.jpg\",\"contentUrl\":\"https:\/\/www.fbcv.es\/wp-content\/uploads\/2025\/07\/1003556104.jpg\"},{\"@type\":\"BreadcrumbList\",\"@id\":\"https:\/\/www.fbcv.es\/varios\/eliminacion-cuenta-app-oficial\/#breadcrumb\",\"itemListElement\":[{\"@type\":\"ListItem\",\"position\":1,\"name\":\"Portada\",\"item\":\"https:\/\/www.fbcv.es\/\"},{\"@type\":\"ListItem\",\"position\":2,\"name\":\"Eliminaci\u00f3n Cuenta APP Oficial\"}]},{\"@type\":\"WebSite\",\"@id\":\"https:\/\/www.fbcv.es\/#website\",\"url\":\"https:\/\/www.fbcv.es\/\",\"name\":\"FBCV\",\"description\":\"FBCV\",\"potentialAction\":[{\"@type\":\"SearchAction\",\"target\":{\"@type\":\"EntryPoint\",\"urlTemplate\":\"https:\/\/www.fbcv.es\/?s={search_term_string}\"},\"query-input\":\"required name=search_term_string\"}],\"inLanguage\":\"va-ES\"}]}<\/script>\n<!-- \/ Yoast SEO Premium plugin. -->","yoast_head_json":{"title":"Eliminaci\u00f3n Cuenta APP Oficial - FBCV","robots":{"index":"index","follow":"follow","max-snippet":"max-snippet:-1","max-image-preview":"max-image-preview:large","max-video-preview":"max-video-preview:-1"},"canonical":"https:\/\/www.fbcv.es\/va\/varios\/eliminacion-cuenta-app-oficial\/","og_locale":"en_US","og_type":"article","og_title":"Eliminaci\u00f3n Cuenta APP Oficial","og_url":"https:\/\/www.fbcv.es\/va\/varios\/eliminacion-cuenta-app-oficial\/","og_site_name":"FBCV","article_modified_time":"2025-07-23T10:04:12+00:00","og_image":[{"url":"https:\/\/www.fbcv.es\/wp-content\/uploads\/2025\/07\/1003556104.jpg"}],"twitter_card":"summary_large_image","twitter_misc":{"Est. reading time":"1 minute"},"schema":{"@context":"https:\/\/schema.org","@graph":[{"@type":"WebPage","@id":"https:\/\/www.fbcv.es\/varios\/eliminacion-cuenta-app-oficial\/","url":"https:\/\/www.fbcv.es\/varios\/eliminacion-cuenta-app-oficial\/","name":"Eliminaci\u00f3n Cuenta APP Oficial - FBCV","isPartOf":{"@id":"https:\/\/www.fbcv.es\/#website"},"primaryImageOfPage":{"@id":"https:\/\/www.fbcv.es\/varios\/eliminacion-cuenta-app-oficial\/#primaryimage"},"image":{"@id":"https:\/\/www.fbcv.es\/varios\/eliminacion-cuenta-app-oficial\/#primaryimage"},"thumbnailUrl":"https:\/\/www.fbcv.es\/wp-content\/uploads\/2025\/07\/1003556104.jpg","datePublished":"2025-07-23T08:37:42+00:00","dateModified":"2025-07-23T10:04:12+00:00","breadcrumb":{"@id":"https:\/\/www.fbcv.es\/varios\/eliminacion-cuenta-app-oficial\/#breadcrumb"},"inLanguage":"va-ES","potentialAction":[{"@type":"ReadAction","target":["https:\/\/www.fbcv.es\/varios\/eliminacion-cuenta-app-oficial\/"]}]},{"@type":"ImageObject","inLanguage":"va-ES","@id":"https:\/\/www.fbcv.es\/varios\/eliminacion-cuenta-app-oficial\/#primaryimage","url":"https:\/\/www.fbcv.es\/wp-content\/uploads\/2025\/07\/1003556104.jpg","contentUrl":"https:\/\/www.fbcv.es\/wp-content\/uploads\/2025\/07\/1003556104.jpg"},{"@type":"BreadcrumbList","@id":"https:\/\/www.fbcv.es\/varios\/eliminacion-cuenta-app-oficial\/#breadcrumb","itemListElement":[{"@type":"ListItem","position":1,"name":"Portada","item":"https:\/\/www.fbcv.es\/"},{"@type":"ListItem","position":2,"name":"Eliminaci\u00f3n Cuenta APP Oficial"}]},{"@type":"WebSite","@id":"https:\/\/www.fbcv.es\/#website","url":"https:\/\/www.fbcv.es\/","name":"FBCV","description":"FBCV","potentialAction":[{"@type":"SearchAction","target":{"@type":"EntryPoint","urlTemplate":"https:\/\/www.fbcv.es\/?s={search_term_string}"},"query-input":"required name=search_term_string"}],"inLanguage":"va-ES"}]}},"_links":{"self":[{"href":"https:\/\/www.fbcv.es\/va\/wp-json\/wp\/v2\/pages\/128304"}],"collection":[{"href":"https:\/\/www.fbcv.es\/va\/wp-json\/wp\/v2\/pages"}],"about":[{"href":"https:\/\/www.fbcv.es\/va\/wp-json\/wp\/v2\/types\/page"}],"author":[{"embeddable":true,"href":"https:\/\/www.fbcv.es\/va\/wp-json\/wp\/v2\/users\/5"}],"replies":[{"embeddable":true,"href":"https:\/\/www.fbcv.es\/va\/wp-json\/wp\/v2\/comments?post=128304"}],"version-history":[{"count":28,"href":"https:\/\/www.fbcv.es\/va\/wp-json\/wp\/v2\/pages\/128304\/revisions"}],"predecessor-version":[{"id":128339,"href":"https:\/\/www.fbcv.es\/va\/wp-json\/wp\/v2\/pages\/128304\/revisions\/128339"}],"wp:attachment":[{"href":"https:\/\/www.fbcv.es\/va\/wp-json\/wp\/v2\/media?parent=128304"}],"curies":[{"name":"wp","href":"https:\/\/api.w.org\/{rel}","templated":true}]}}