{"id":127502,"date":"2025-07-02T13:10:21","date_gmt":"2025-07-02T11:10:21","guid":{"rendered":"https:\/\/www.fbcv.es\/?page_id=127502"},"modified":"2025-07-02T13:19:39","modified_gmt":"2025-07-02T11:19:39","slug":"autorizacion-tecnificacion_23","status":"publish","type":"page","link":"https:\/\/www.fbcv.es\/va\/actividades\/autorizacion-tecnificacion","title":{"rendered":"Autorizaci\u00f3n Tecnificaci\u00f3n"},"content":{"rendered":"<div id=\"tdi_1\" class=\"tdc-zone\"><div class=\"tdc_zone tdi_2  wpb_row td-pb-row\"  >\n<style scoped>\n\/* custom css - generated by TagDiv Composer *\/\n\n\/* custom css - generated by TagDiv Composer *\/\n.tdi_2{\r\n                    min-height: 0;\r\n                }\n<\/style><div id=\"tdi_3\" class=\"tdc-row stretch_row_content td-stretch-content\"><div class=\"vc_row tdi_4  wpb_row td-pb-row\" >\n<style scoped>\n\/* custom css - generated by TagDiv Composer *\/\n\n\/* custom css - generated by TagDiv Composer *\/\n.tdi_4,\r\n                .tdi_4 .tdc-columns{\r\n                    min-height: 0;\r\n                }.tdi_4,\r\n\t\t\t\t.tdi_4 .tdc-columns{\r\n\t\t\t\t    display: block;\r\n\t\t\t\t}.tdi_4 .tdc-columns{\r\n\t\t\t\t    width: 100%;\r\n\t\t\t\t}.tdi_4:before,\r\n\t\t\t\t.tdi_4:after{\r\n\t\t\t\t    display: table;\r\n\t\t\t\t}\n<\/style><div class=\"vc_column tdi_6  wpb_column vc_column_container tdc-column td-pb-span12\">\n<style scoped>\n\/* custom css - generated by TagDiv Composer *\/\n\n\/* custom css - generated by TagDiv Composer *\/\n.tdi_6{\r\n                    vertical-align: baseline;\r\n                }.tdi_6 > .wpb_wrapper,\r\n\t\t\t\t.tdi_6 > .wpb_wrapper > .tdc-elements{\r\n\t\t\t\t    display: block;\r\n\t\t\t\t}.tdi_6 > .wpb_wrapper > .tdc-elements{\r\n\t\t\t\t    width: 100%;\r\n\t\t\t\t}.tdi_6 > .wpb_wrapper > .vc_row_inner{\r\n\t\t\t\t    width: auto;\r\n\t\t\t\t}.tdi_6 > .wpb_wrapper{\r\n\t\t\t\t    width: auto;\r\n\t\t\t\t    height: auto;\r\n\t\t\t\t}\n<\/style><div class=\"wpb_wrapper\" ><div class=\"wpb_wrapper td_block_wrap vc_raw_html tdi_8\"><div class=\"td-fix-index\"><div class=\"stripes big estatico pg-fbcv\">\n<div class=\"tira1\"><\/div>\n<div class=\"tira2\"><\/div>\n\n<div class=\"tira4\"><\/div>\n<div class=\"tira5\"><\/div>\n<div class=\"tira6\"><\/div>\n<div class=\"tira7\"><\/div>\n<div class=\"tira8\"><\/div><\/div><\/div><\/div><\/div><\/div><\/div><\/div><div id=\"tdi_9\" class=\"tdc-row\"><div class=\"vc_row tdi_10  wpb_row td-pb-row\" >\n<style scoped>\n\/* custom css - generated by TagDiv Composer *\/\n\n\/* custom css - generated by TagDiv Composer *\/\n.tdi_10,\r\n                .tdi_10 .tdc-columns{\r\n                    min-height: 0;\r\n                }.tdi_10,\r\n\t\t\t\t.tdi_10 .tdc-columns{\r\n\t\t\t\t    display: block;\r\n\t\t\t\t}.tdi_10 .tdc-columns{\r\n\t\t\t\t    width: 100%;\r\n\t\t\t\t}.tdi_10:before,\r\n\t\t\t\t.tdi_10:after{\r\n\t\t\t\t    display: table;\r\n\t\t\t\t}\n<\/style><div class=\"vc_column tdi_12  wpb_column vc_column_container tdc-column td-pb-span12\">\n<style scoped>\n\/* custom css - generated by TagDiv Composer *\/\n\n\/* custom css - generated by TagDiv Composer *\/\n.tdi_12{\r\n                    vertical-align: baseline;\r\n                }.tdi_12 > .wpb_wrapper,\r\n\t\t\t\t.tdi_12 > .wpb_wrapper > .tdc-elements{\r\n\t\t\t\t    display: block;\r\n\t\t\t\t}.tdi_12 > .wpb_wrapper > .tdc-elements{\r\n\t\t\t\t    width: 100%;\r\n\t\t\t\t}.tdi_12 > .wpb_wrapper > .vc_row_inner{\r\n\t\t\t\t    width: auto;\r\n\t\t\t\t}.tdi_12 > .wpb_wrapper{\r\n\t\t\t\t    width: auto;\r\n\t\t\t\t    height: auto;\r\n\t\t\t\t}\n<\/style><div class=\"wpb_wrapper\" ><div class=\"wpb_wrapper td_block_wrap vc_raw_html tdi_14 encima\"><div class=\"td-fix-index\"><div class=\"breadcrumbs breadcrumb-basica\"> <a href=\"\/va\/\">Inici <\/a>  <span> &gt; <\/span>  <a href=\"https:\/\/www.fbcv.es\/va\/actividades\/\">Activitats<\/a>  <span> &gt; <\/span>  <a href=\"\/va\/actividades\/autorizacion-tecnificacion\/\"><b>Autorizaci\u00f3n Tecnificaci\u00f3n<\/b><\/a>  \n<\/div><\/div><\/div><div class=\"wpb_wrapper td_block_wrap vc_raw_html tdi_16\"><div class=\"td-fix-index\"><h1 class=\"titulo-pagina-fbcv\">Autorizaci\u00f3n Tecnificaci\u00f3n<\/h1><\/div><\/div><\/div><\/div><\/div><\/div><div id=\"tdi_17\" class=\"tdc-row\"><div class=\"vc_row tdi_18  wpb_row td-pb-row\" >\n<style scoped>\n\/* custom css - generated by TagDiv Composer *\/\n\n\/* custom css - generated by TagDiv Composer *\/\n.tdi_18,\r\n                .tdi_18 .tdc-columns{\r\n                    min-height: 0;\r\n                }.tdi_18,\r\n\t\t\t\t.tdi_18 .tdc-columns{\r\n\t\t\t\t    display: block;\r\n\t\t\t\t}.tdi_18 .tdc-columns{\r\n\t\t\t\t    width: 100%;\r\n\t\t\t\t}.tdi_18:before,\r\n\t\t\t\t.tdi_18:after{\r\n\t\t\t\t    display: table;\r\n\t\t\t\t}\n<\/style><div class=\"vc_column tdi_20  wpb_column vc_column_container tdc-column td-pb-span12\">\n<style scoped>\n\/* custom css - generated by TagDiv Composer *\/\n\n\/* custom css - generated by TagDiv Composer *\/\n.tdi_20{\r\n                    vertical-align: baseline;\r\n                }.tdi_20 > .wpb_wrapper,\r\n\t\t\t\t.tdi_20 > .wpb_wrapper > .tdc-elements{\r\n\t\t\t\t    display: block;\r\n\t\t\t\t}.tdi_20 > .wpb_wrapper > .tdc-elements{\r\n\t\t\t\t    width: 100%;\r\n\t\t\t\t}.tdi_20 > .wpb_wrapper > .vc_row_inner{\r\n\t\t\t\t    width: auto;\r\n\t\t\t\t}.tdi_20 > .wpb_wrapper{\r\n\t\t\t\t    width: auto;\r\n\t\t\t\t    height: auto;\r\n\t\t\t\t}\n<\/style><div class=\"wpb_wrapper\" ><div class=\"td_block_wrap td_block_text_with_title tdi_21 tagdiv-type td-pb-border-top td_block_template_9\"  data-td-block-uid=\"tdi_21\" >\n<style>\n\/* custom css - generated by TagDiv Composer *\/\n.td_block_text_with_title{\r\n                  margin-bottom: 44px;\r\n                  -webkit-transform: translateZ(0);\r\n                  transform: translateZ(0);\r\n                }.td_block_text_with_title p:last-child{\r\n                  margin-bottom: 0;\r\n                }\n<\/style><div class=\"td-block-title-wrap\"><\/div><div class=\"td_mod_wrap td-fix-index\"><div class=\"frm_forms  with_frm_style frm_style_estilos-formidable\" id=\"frm_form_23_container\" >\n<form enctype=\"multipart\/form-data\" method=\"post\" class=\"frm-show-form  frm_pro_form\" id=\"form_autorizacindeljugadoralevn2generacin2011600c3687ab54a38f0b3c\" action=\"\" >\n<div class=\"frm_form_fields\">\n<fieldset>\n<legend class=\"frm_screen_reader\">Plataforma de env\u00edo autorizaci\u00f3n 24_25<\/legend>\r\n\r\n<div class=\"frm_fields_container\">\n<input type=\"hidden\" name=\"frm_action\" value=\"create\" \/>\n<input type=\"hidden\" name=\"form_id\" value=\"23\" \/>\n<input type=\"hidden\" name=\"frm_hide_fields_23\" id=\"frm_hide_fields_23\" value=\"\" \/>\n<input type=\"hidden\" name=\"form_key\" value=\"autorizacindeljugadoralevn2generacin2011600c3687ab54a38f0b3c\" \/>\n<input type=\"hidden\" name=\"item_meta[0]\" value=\"\" \/>\n<input type=\"hidden\" id=\"frm_submit_entry_23\" name=\"frm_submit_entry_23\" value=\"e4237c9352\" \/><input type=\"hidden\" name=\"_wp_http_referer\" value=\"\/va\/wp-json\/wp\/v2\/pages\/127502\" \/><div id=\"frm_field_384_container\" class=\"frm_form_field form-field  frm_required_field frm_left_container frm12 frm_first\">\r\n    <label for=\"field_b5fx1c829d96bb8e1c2b9e4fc\" id=\"field_b5fx1c829d96bb8e1c2b9e4fc_label\" class=\"frm_primary_label\">DNI del jugador\/a\r\n        <span class=\"frm_required\" aria-hidden=\"true\">*<\/span>\r\n    <\/label>\r\n    <input type=\"text\" id=\"field_b5fx1c829d96bb8e1c2b9e4fc\" name=\"item_meta[384]\" value=\"\"  data-reqmsg=\"Este campo no puede estar vac\u00edo.\" aria-required=\"true\" data-invmsg=\"Texto no es v\u00e1lido\" aria-invalid=\"false\"   aria-describedby=\"frm_desc_field_b5fx1c829d96bb8e1c2b9e4fc\"\/>\r\n    <div class=\"frm_description\" id=\"frm_desc_field_b5fx1c829d96bb8e1c2b9e4fc\">Sin espacios 00000000A<\/div>\r\n    \r\n<\/div>\n<div id=\"frm_field_385_container\" class=\"frm_form_field form-field  frm_required_field frm_top_container frm12 frm_first\">\r\n    <div  id=\"field_4cl8vb57a594ca1ba4ddb8a98_label\" class=\"frm_primary_label\">Datos del jugador\/a\r\n        <span class=\"frm_required\" aria-hidden=\"true\">*<\/span>\r\n    <\/div>\r\n    <fieldset aria-labelledby=\"field_4cl8vb57a594ca1ba4ddb8a98_label\">\n\t<legend class=\"frm_screen_reader frm_hidden\">\n\t\tDatos del jugador\/a\t<\/legend>\n\n\t<div  class=\"frm_combo_inputs_container\" id=\"frm_combo_inputs_container_385\" data-name-layout=\"first_last\">\n\t\t\t\t\t<div\n\t\t\t\tid=\"frm_field_385-first_container\"\n\t\t\t\tclass=\"frm_form_field form-field frm_form_subfield-first  frm6\"\n\t\t\t\tdata-sub-field-name=\"first\"\n\t\t\t>\n\t\t\t\t<label for=\"field_4cl8vb57a594ca1ba4ddb8a98_first\" class=\"frm_screen_reader frm_hidden\">\n\t\t\t\t\tNom\t\t\t\t<\/label>\n\n\t\t\t\t\t\t\t\t\t\t<input\n\t\t\t\t\t\t\ttype=\"text\"\n\t\t\t\t\t\t\tid=\"field_4cl8vb57a594ca1ba4ddb8a98_first\"\n\t\t\t\t\t\t\tvalue=\"\"\n\t\t\t\t\t\t\tname=\"item_meta[385][first]\"  data-reqmsg=\"Este campo no puede estar vac\u00edo.\" aria-required=\"true\" data-invmsg=\"Datos del jugador\/a is invalid\" aria-invalid=\"false\"  \t\t\t\t\t\t\/>\n\t\t\t\t\t\t<div class=\"frm_description\" id=\"frm_field_385_first_desc\">Nom<\/div>\t\t\t<\/div>\n\t\t\t\t\t\t<div\n\t\t\t\tid=\"frm_field_385-last_container\"\n\t\t\t\tclass=\"frm_form_field form-field frm_form_subfield-last  frm6\"\n\t\t\t\tdata-sub-field-name=\"last\"\n\t\t\t>\n\t\t\t\t<label for=\"field_4cl8vb57a594ca1ba4ddb8a98_last\" class=\"frm_screen_reader frm_hidden\">\n\t\t\t\t\tCognoms\t\t\t\t<\/label>\n\n\t\t\t\t\t\t\t\t\t\t<input\n\t\t\t\t\t\t\ttype=\"text\"\n\t\t\t\t\t\t\tid=\"field_4cl8vb57a594ca1ba4ddb8a98_last\"\n\t\t\t\t\t\t\tvalue=\"\"\n\t\t\t\t\t\t\tname=\"item_meta[385][last]\"  data-reqmsg=\"Este campo no puede estar vac\u00edo.\" aria-required=\"true\" data-invmsg=\"Datos del jugador\/a is invalid\" aria-invalid=\"false\"  \t\t\t\t\t\t\/>\n\t\t\t\t\t\t<div class=\"frm_description\" id=\"frm_field_385_last_desc\">Cognoms<\/div>\t\t\t<\/div>\n\t\t\t\t<\/div>\n<\/fieldset>\n\r\n    \r\n    \r\n<\/div>\n<div id=\"frm_field_386_container\" class=\"frm_form_field  frm6 frm_first frm_html_container form-field\">\n<p><a href=\"https:\/\/www.fbcv.es\/wp-content\/uploads\/2025\/05\/Autorizacion-viaje_CADETE-1.pdf\">Autoritzaci\u00f3<\/a><\/p>\n<p><a href=\"https:\/\/www.fbcv.es\/wp-content\/uploads\/2025\/05\/Torneo-de-Verano-CADETE.pdf\">Planing de Viaje<\/a><\/p>\n<\/div>\n<div id=\"frm_field_387_container\" class=\"frm_form_field form-field  frm_required_field frm_top_container frm6\">\r\n    <label for=\"field_ydlgtfe75c69ef1ec39e70632\" id=\"field_ydlgtfe75c69ef1ec39e70632_label\" class=\"frm_primary_label\">Adjuntar las AUTORIZACIONES\r\n        <span class=\"frm_required\" aria-hidden=\"true\">*<\/span>\r\n    <\/label>\r\n    <input type=\"hidden\"  data-reqmsg=\"Este campo no puede estar vac\u00edo.\" data-invmsg=\"Subida de archivo no es v\u00e1lido\" class=\"auto_width\" aria-invalid=\"false\"   name=\"item_meta[387][]\"  value=\"\"  data-frmfile=\"387\" \/>\n\n<div class=\"frm_dropzone frm_multi_upload frm_clearfix\" id=\"file387_dropzone\" role=\"group\" >\n\t<div class=\"fallback\">\n\t\t<input type=\"file\" name=\"file387[]\" id=\"field_ydlgtfe75c69ef1ec39e70632\"\n\t\t\t data-frmfile=\"387\" multiple=\"multiple\"  data-reqmsg=\"Este campo no puede estar vac\u00edo.\" data-invmsg=\"Subida de archivo no es v\u00e1lido\" class=\"auto_width\" aria-invalid=\"false\"  \t\t\t\/>\n\t\t\t\t<div class=\"frm_clearfix\"><\/div>\n\t<\/div>\n\t<div class=\"dz-message needsclick\">\n\t\t\t\t<svg  viewbox=\"0 0 18 18\" class=\"frmsvg frm-svg-icon\">\n\t<path viewbox=\"0 0 18 18\" fill-rule=\"evenodd\" clip-rule=\"evenodd\" d=\"M8.2 4v8a.8.8 0 001.5 0V4l2.1 2.2A.7.7 0 1013 5L9.5 1.7a.7.7 0 00-1.1 0L5.1 5.2a.8.8 0 001 1l2.1-2zm7.6 4.3c.4 0 .7.3.7.7v6.8c0 .4-.3.7-.8.7H2.3a.8.8 0 01-.8-.8V9A.8.8 0 013 9v6h12V9c0-.4.3-.8.8-.8z\"><\/path>\n<\/svg>\t\t<span class=\"frm_upload_text\"><button type=\"button\" aria-label=\"Adjuntar las AUTORIZACIONES. Arrastra aqu\u00ed la AUTORIZACI\u00d3N (firmada y rellenada). Maximum file size: 5MB\">Arrastra aqu\u00ed la AUTORIZACI\u00d3N (firmada y rellenada)<\/button><\/span>\n\t\t<span class=\"frm_compact_text\"><button type=\"button\" aria-label=\"Adjuntar las AUTORIZACIONES. Seleccionar Archivo. Maximum file size: 5MB\">Seleccionar Archivo<\/button><\/span>\n\t\t<div class=\"frm_small_text\">\n\t\t\t<p>Maximum file size: 5MB<\/p>\n\t\t<\/div>\n\t<\/div>\n<\/div>\n\t\r\n    \r\n    \r\n<\/div>\n<div id=\"frm_field_388_container\" class=\"frm_form_field  frm12 frm_first frm_html_container form-field\">Se informa al firmante que la finalidad de esta recogida de datos de car\u00e1cter personal es la de gestionar la participaci\u00f3n del menor en el Programa de Tecnificaci\u00f3n de la FBCV. Los datos identificativos del menor podr\u00e1n ser\u00e1n comunicados a agencias de viajes, hoteles y empresas de transporte con la finalidad de gestionar sus desplazamientos cuando estos sean organizados por la FBCV. Los datos identificativos (nombre e imagen), antropom\u00e9tricos y deportivos del menor podr\u00e1n ser mostrados en los sitios web y redes sociales de la FBCV, as\u00ed como en videos, material promocional y\/o publicitario, material formativo y manuales deportivos siendo las im\u00e1genes tomadas exclusivamente durante el desarrollo de entrevistas, reuniones, entrenamientos, partidos, concentraciones, campeonatos, cursos o conferencias asociados al Programa de Tecnificaci\u00f3n de la FBCV, respetando siempre la dignidad y honor personal del menor. En cualquier caso, podr\u00e1 ejercitar gratuitamente los derechos de acceso, rectificaci\u00f3n, cancelaci\u00f3n y oposici\u00f3n dirigi\u00e9ndose al Responsable del Fichero, la Federaci\u00f3n Baloncesto Comunidad Valenciana (FBCV), en Monestir de Poblet, 14 - 1\u00ba - 3\u00aa 46015 Valencia.<\/div>\n<div id=\"frm_field_389_container\" class=\"frm_form_field frm_section_heading frm_hidden frm_invisible_section form-field\">\r\n<h3 class=\"frm_pos_top frm_section_spacing\">REVISI\u00d3N<\/h3>\r\n\r\n\r\n<div id=\"frm_field_614_container\" class=\"frm_form_field form-field  frm_top_container vertical_radio\">\r\n    <div  id=\"field_d5bst_label\" class=\"frm_primary_label\">Viaje MADRID\r\n        <span class=\"frm_required\" aria-hidden=\"true\"><\/span>\r\n    <\/div>\r\n    <div class=\"frm_opt_container\" aria-labelledby=\"field_d5bst_label\" role=\"group\">\t\t<div class=\"frm_checkbox\" id=\"frm_checkbox_614-389-4\">\t\t\t<label  for=\"field_d5bst-4\">\n\t\t\t<input type=\"checkbox\" name=\"item_meta[614][]\" id=\"field_d5bst-4\" value=\"Familiares\"  data-sectionid=\"389\" data-invmsg=\"Viaje MADRID is invalid\" aria-invalid=\"false\"   \/> Familiares<\/label><\/div>\n\t\t<div class=\"frm_checkbox\" id=\"frm_checkbox_614-389-3\">\t\t\t<label  for=\"field_d5bst-3\">\n\t\t\t<input type=\"checkbox\" name=\"item_meta[614][]\" id=\"field_d5bst-3\" value=\"Terceros\"  data-sectionid=\"389\" data-invmsg=\"Viaje MADRID is invalid\" aria-invalid=\"false\"   \/> Terceros<\/label><\/div>\n\t\t<div class=\"frm_checkbox\" id=\"frm_checkbox_614-389-5\">\t\t\t<label  for=\"field_d5bst-5\">\n\t\t\t<input type=\"checkbox\" name=\"item_meta[614][]\" id=\"field_d5bst-5\" value=\"Valencia  FBCV\"  data-sectionid=\"389\" data-invmsg=\"Viaje MADRID is invalid\" aria-invalid=\"false\"   \/> Valencia  FBCV<\/label><\/div>\n\t\t<div class=\"frm_checkbox\" id=\"frm_checkbox_614-389-0\">\t\t\t<label  for=\"field_d5bst-0\">\n\t\t\t<input type=\"checkbox\" name=\"item_meta[614][]\" id=\"field_d5bst-0\" value=\"Alicante FBCV\"  data-sectionid=\"389\" data-invmsg=\"Viaje MADRID is invalid\" aria-invalid=\"false\"   \/> Alicante FBCV<\/label><\/div>\n\t\t<div class=\"frm_checkbox\" id=\"frm_checkbox_614-389-6\">\t\t\t<label  for=\"field_d5bst-6\">\n\t\t\t<input type=\"checkbox\" name=\"item_meta[614][]\" id=\"field_d5bst-6\" value=\"Castell\u00f3n FBCV\"  data-sectionid=\"389\" data-invmsg=\"Viaje MADRID is invalid\" aria-invalid=\"false\"   \/> Castell\u00f3n FBCV<\/label><\/div>\n<\/div>\r\n    \r\n    \r\n<\/div>\n<\/div>\n<div id=\"frm_field_1416_container\" class=\"frm_form_field form-field\">\r\n\t<div class=\"frm_submit\">\r\n\r\n<button class=\"frm_button_submit frm_final_submit\" type=\"submit\"  >Enviar<\/button>\r\n\r\n<\/div>\r\n<\/div>\n\t<input type=\"hidden\" name=\"item_key\" value=\"\" \/>\n\t\t\t\t<div class=\"frm__666a97c8669f0\">\n\t\t\t\t<label for=\"frm_email_23\" >\n\t\t\t\t\tIf you are human, leave this field blank.\t\t\t\t<\/label>\n\t\t\t\t<input  id=\"frm_email_23\" type=\"text\" class=\"frm_verify\" name=\"frm__666a97c8669f0\" value=\"\" autocomplete=\"off\"  \/>\n\t\t\t<\/div>\n\t\t<input name=\"frm_state\" type=\"hidden\" value=\"6+DUjreZKNsnq42NxYPZPYR8tyArSwr7vZ5uf5hJyHK10a11bG0TXWNO9KEXCKQ8\" \/><\/div>\n<\/fieldset>\n<\/div>\n<input type=\"hidden\" name=\"trp-form-language\" value=\"va\"\/><\/form>\n<\/div>\n\n<\/div><\/div><\/div><\/div><\/div><\/div><\/div><\/div>","protected":false},"excerpt":{"rendered":"","protected":false},"author":5,"featured_media":0,"parent":0,"menu_order":0,"comment_status":"closed","ping_status":"closed","template":"","meta":{"_acf_changed":false,"_monsterinsights_skip_tracking":false,"_monsterinsights_sitenote_active":false,"_monsterinsights_sitenote_note":"","_monsterinsights_sitenote_category":0,"footnotes":""},"acf":[],"yoast_head":"<!-- This site is optimized with the Yoast SEO Premium plugin v23.0 (Yoast SEO v23.0) - https:\/\/yoast.com\/wordpress\/plugins\/seo\/ -->\n<title>Autorizaci\u00f3n Tecnificaci\u00f3n - FBCV<\/title>\n<meta name=\"robots\" content=\"index, follow, max-snippet:-1, max-image-preview:large, max-video-preview:-1\" \/>\n<link rel=\"canonical\" href=\"https:\/\/www.fbcv.es\/va\/actividades\/autorizacion-tecnificacion\/\" \/>\n<meta property=\"og:locale\" content=\"en_US\" \/>\n<meta property=\"og:type\" content=\"article\" \/>\n<meta property=\"og:title\" content=\"Autorizaci\u00f3n Tecnificaci\u00f3n\" \/>\n<meta property=\"og:url\" content=\"https:\/\/www.fbcv.es\/va\/actividades\/autorizacion-tecnificacion\/\" \/>\n<meta property=\"og:site_name\" content=\"FBCV\" \/>\n<meta property=\"article:modified_time\" content=\"2025-07-02T11:19:39+00:00\" \/>\n<meta name=\"twitter:card\" content=\"summary_large_image\" \/>\n<meta name=\"twitter:label1\" content=\"Est. reading time\" \/>\n\t<meta name=\"twitter:data1\" content=\"1 minute\" \/>\n<script type=\"application\/ld+json\" class=\"yoast-schema-graph\">{\"@context\":\"https:\/\/schema.org\",\"@graph\":[{\"@type\":\"WebPage\",\"@id\":\"https:\/\/www.fbcv.es\/actividades\/autorizacion-tecnificacion\/\",\"url\":\"https:\/\/www.fbcv.es\/actividades\/autorizacion-tecnificacion\/\",\"name\":\"Autorizaci\u00f3n Tecnificaci\u00f3n - FBCV\",\"isPartOf\":{\"@id\":\"https:\/\/www.fbcv.es\/#website\"},\"datePublished\":\"2025-07-02T11:10:21+00:00\",\"dateModified\":\"2025-07-02T11:19:39+00:00\",\"breadcrumb\":{\"@id\":\"https:\/\/www.fbcv.es\/actividades\/autorizacion-tecnificacion\/#breadcrumb\"},\"inLanguage\":\"va-ES\",\"potentialAction\":[{\"@type\":\"ReadAction\",\"target\":[\"https:\/\/www.fbcv.es\/actividades\/autorizacion-tecnificacion\/\"]}]},{\"@type\":\"BreadcrumbList\",\"@id\":\"https:\/\/www.fbcv.es\/actividades\/autorizacion-tecnificacion\/#breadcrumb\",\"itemListElement\":[{\"@type\":\"ListItem\",\"position\":1,\"name\":\"Portada\",\"item\":\"https:\/\/www.fbcv.es\/\"},{\"@type\":\"ListItem\",\"position\":2,\"name\":\"Autorizaci\u00f3n Tecnificaci\u00f3n\"}]},{\"@type\":\"WebSite\",\"@id\":\"https:\/\/www.fbcv.es\/#website\",\"url\":\"https:\/\/www.fbcv.es\/\",\"name\":\"FBCV\",\"description\":\"FBCV\",\"potentialAction\":[{\"@type\":\"SearchAction\",\"target\":{\"@type\":\"EntryPoint\",\"urlTemplate\":\"https:\/\/www.fbcv.es\/?s={search_term_string}\"},\"query-input\":\"required name=search_term_string\"}],\"inLanguage\":\"va-ES\"}]}<\/script>\n<!-- \/ Yoast SEO Premium plugin. -->","yoast_head_json":{"title":"Autorizaci\u00f3n Tecnificaci\u00f3n - FBCV","robots":{"index":"index","follow":"follow","max-snippet":"max-snippet:-1","max-image-preview":"max-image-preview:large","max-video-preview":"max-video-preview:-1"},"canonical":"https:\/\/www.fbcv.es\/va\/actividades\/autorizacion-tecnificacion\/","og_locale":"en_US","og_type":"article","og_title":"Autorizaci\u00f3n Tecnificaci\u00f3n","og_url":"https:\/\/www.fbcv.es\/va\/actividades\/autorizacion-tecnificacion\/","og_site_name":"FBCV","article_modified_time":"2025-07-02T11:19:39+00:00","twitter_card":"summary_large_image","twitter_misc":{"Est. reading time":"1 minute"},"schema":{"@context":"https:\/\/schema.org","@graph":[{"@type":"WebPage","@id":"https:\/\/www.fbcv.es\/actividades\/autorizacion-tecnificacion\/","url":"https:\/\/www.fbcv.es\/actividades\/autorizacion-tecnificacion\/","name":"Autorizaci\u00f3n Tecnificaci\u00f3n - FBCV","isPartOf":{"@id":"https:\/\/www.fbcv.es\/#website"},"datePublished":"2025-07-02T11:10:21+00:00","dateModified":"2025-07-02T11:19:39+00:00","breadcrumb":{"@id":"https:\/\/www.fbcv.es\/actividades\/autorizacion-tecnificacion\/#breadcrumb"},"inLanguage":"va-ES","potentialAction":[{"@type":"ReadAction","target":["https:\/\/www.fbcv.es\/actividades\/autorizacion-tecnificacion\/"]}]},{"@type":"BreadcrumbList","@id":"https:\/\/www.fbcv.es\/actividades\/autorizacion-tecnificacion\/#breadcrumb","itemListElement":[{"@type":"ListItem","position":1,"name":"Portada","item":"https:\/\/www.fbcv.es\/"},{"@type":"ListItem","position":2,"name":"Autorizaci\u00f3n Tecnificaci\u00f3n"}]},{"@type":"WebSite","@id":"https:\/\/www.fbcv.es\/#website","url":"https:\/\/www.fbcv.es\/","name":"FBCV","description":"FBCV","potentialAction":[{"@type":"SearchAction","target":{"@type":"EntryPoint","urlTemplate":"https:\/\/www.fbcv.es\/?s={search_term_string}"},"query-input":"required name=search_term_string"}],"inLanguage":"va-ES"}]}},"_links":{"self":[{"href":"https:\/\/www.fbcv.es\/va\/wp-json\/wp\/v2\/pages\/127502"}],"collection":[{"href":"https:\/\/www.fbcv.es\/va\/wp-json\/wp\/v2\/pages"}],"about":[{"href":"https:\/\/www.fbcv.es\/va\/wp-json\/wp\/v2\/types\/page"}],"author":[{"embeddable":true,"href":"https:\/\/www.fbcv.es\/va\/wp-json\/wp\/v2\/users\/5"}],"replies":[{"embeddable":true,"href":"https:\/\/www.fbcv.es\/va\/wp-json\/wp\/v2\/comments?post=127502"}],"version-history":[{"count":5,"href":"https:\/\/www.fbcv.es\/va\/wp-json\/wp\/v2\/pages\/127502\/revisions"}],"predecessor-version":[{"id":127508,"href":"https:\/\/www.fbcv.es\/va\/wp-json\/wp\/v2\/pages\/127502\/revisions\/127508"}],"wp:attachment":[{"href":"https:\/\/www.fbcv.es\/va\/wp-json\/wp\/v2\/media?parent=127502"}],"curies":[{"name":"wp","href":"https:\/\/api.w.org\/{rel}","templated":true}]}}