{"id":123724,"date":"2025-04-04T13:16:38","date_gmt":"2025-04-04T11:16:38","guid":{"rendered":"https:\/\/www.fbcv.es\/?page_id=123724"},"modified":"2025-04-04T13:16:38","modified_gmt":"2025-04-04T11:16:38","slug":"inscripcion-gestion-cuerpo-tecnico-en-categorias-de-formacion","status":"publish","type":"page","link":"https:\/\/www.fbcv.es\/va\/area-tecnica\/formacion-continua-entrenadores\/inscripcion-78","title":{"rendered":"INSCRIPCION &#8220;GESTI\u00d3N CUERPO T\u00c9CNICO EN CATEGOR\u00cdAS DE FORMACI\u00d3N&#8221;"},"content":{"rendered":"<div id=\"tdi_1\" class=\"tdc-zone\"><div class=\"tdc_zone tdi_2  wpb_row td-pb-row\"  >\n<style scoped>\n\/* custom css - generated by TagDiv Composer *\/\n\n\/* custom css - generated by TagDiv Composer *\/\n.tdi_2{\r\n                    min-height: 0;\r\n                }\n<\/style><div id=\"tdi_3\" class=\"tdc-row stretch_row_content td-stretch-content\"><div class=\"vc_row tdi_4  wpb_row td-pb-row\" >\n<style scoped>\n\/* custom css - generated by TagDiv Composer *\/\n\n\/* custom css - generated by TagDiv Composer *\/\n.tdi_4,\r\n                .tdi_4 .tdc-columns{\r\n                    min-height: 0;\r\n                }.tdi_4,\r\n\t\t\t\t.tdi_4 .tdc-columns{\r\n\t\t\t\t    display: block;\r\n\t\t\t\t}.tdi_4 .tdc-columns{\r\n\t\t\t\t    width: 100%;\r\n\t\t\t\t}.tdi_4:before,\r\n\t\t\t\t.tdi_4:after{\r\n\t\t\t\t    display: table;\r\n\t\t\t\t}\n<\/style><div class=\"vc_column tdi_6  wpb_column vc_column_container tdc-column td-pb-span12\">\n<style scoped>\n\/* custom css - generated by TagDiv Composer *\/\n\n\/* custom css - generated by TagDiv Composer *\/\n.tdi_6{\r\n                    vertical-align: baseline;\r\n                }.tdi_6 > .wpb_wrapper,\r\n\t\t\t\t.tdi_6 > .wpb_wrapper > .tdc-elements{\r\n\t\t\t\t    display: block;\r\n\t\t\t\t}.tdi_6 > .wpb_wrapper > .tdc-elements{\r\n\t\t\t\t    width: 100%;\r\n\t\t\t\t}.tdi_6 > .wpb_wrapper > .vc_row_inner{\r\n\t\t\t\t    width: auto;\r\n\t\t\t\t}.tdi_6 > .wpb_wrapper{\r\n\t\t\t\t    width: auto;\r\n\t\t\t\t    height: auto;\r\n\t\t\t\t}\n<\/style><div class=\"wpb_wrapper\" ><div class=\"wpb_wrapper td_block_wrap vc_raw_html tdi_8\"><div class=\"td-fix-index\"><div class=\"stripes big estatico pg-fbcv\">\n<div class=\"tira1\"><\/div>\n<div class=\"tira2\"><\/div>\n\n<div class=\"tira4\"><\/div>\n<div class=\"tira5\"><\/div>\n<div class=\"tira6\"><\/div>\n<div class=\"tira7\"><\/div>\n<div class=\"tira8\"><\/div><\/div><\/div><\/div><\/div><\/div><\/div><\/div><div id=\"tdi_9\" class=\"tdc-row\"><div class=\"vc_row tdi_10  wpb_row td-pb-row\" >\n<style scoped>\n\/* custom css - generated by TagDiv Composer *\/\n\n\/* custom css - generated by TagDiv Composer *\/\n.tdi_10,\r\n                .tdi_10 .tdc-columns{\r\n                    min-height: 0;\r\n                }.tdi_10,\r\n\t\t\t\t.tdi_10 .tdc-columns{\r\n\t\t\t\t    display: block;\r\n\t\t\t\t}.tdi_10 .tdc-columns{\r\n\t\t\t\t    width: 100%;\r\n\t\t\t\t}.tdi_10:before,\r\n\t\t\t\t.tdi_10:after{\r\n\t\t\t\t    display: table;\r\n\t\t\t\t}\n<\/style><div class=\"vc_column tdi_12  wpb_column vc_column_container tdc-column td-pb-span12\">\n<style scoped>\n\/* custom css - generated by TagDiv Composer *\/\n\n\/* custom css - generated by TagDiv Composer *\/\n.tdi_12{\r\n                    vertical-align: baseline;\r\n                }.tdi_12 > .wpb_wrapper,\r\n\t\t\t\t.tdi_12 > .wpb_wrapper > .tdc-elements{\r\n\t\t\t\t    display: block;\r\n\t\t\t\t}.tdi_12 > .wpb_wrapper > .tdc-elements{\r\n\t\t\t\t    width: 100%;\r\n\t\t\t\t}.tdi_12 > .wpb_wrapper > .vc_row_inner{\r\n\t\t\t\t    width: auto;\r\n\t\t\t\t}.tdi_12 > .wpb_wrapper{\r\n\t\t\t\t    width: auto;\r\n\t\t\t\t    height: auto;\r\n\t\t\t\t}\n<\/style><div class=\"wpb_wrapper\" ><div class=\"wpb_wrapper td_block_wrap vc_raw_html tdi_14 encima\"><div class=\"td-fix-index\"><div class=\"breadcrumbs breadcrumb-basica\"> <a href=\"\/va\/\">Inici <\/a> <span> &gt; <\/span> <a href=\"https:\/\/www.fbcv.es\/va\/area-tecnica\/\">\u00c0rea T\u00e8cnica  <\/a> <span> &gt; <\/span> <a href=\"\/va\/area-tecnica\/formacion-continua-entrenadores\/\">Formaci\u00f3 Cont\u00ednua Entrenadors<\/a><\/a> <span> &gt; <\/span><b>Inscripci\u00f3<\/b>\n<\/div><\/div><\/div><\/div><\/div><\/div><\/div><div id=\"tdi_15\" class=\"tdc-row\"><div class=\"vc_row tdi_16  wpb_row td-pb-row\" >\n<style scoped>\n\/* custom css - generated by TagDiv Composer *\/\n\n\/* custom css - generated by TagDiv Composer *\/\n.tdi_16,\r\n                .tdi_16 .tdc-columns{\r\n                    min-height: 0;\r\n                }.tdi_16,\r\n\t\t\t\t.tdi_16 .tdc-columns{\r\n\t\t\t\t    display: block;\r\n\t\t\t\t}.tdi_16 .tdc-columns{\r\n\t\t\t\t    width: 100%;\r\n\t\t\t\t}.tdi_16:before,\r\n\t\t\t\t.tdi_16:after{\r\n\t\t\t\t    display: table;\r\n\t\t\t\t}\n<\/style><div class=\"vc_column tdi_18  wpb_column vc_column_container tdc-column td-pb-span12\">\n<style scoped>\n\/* custom css - generated by TagDiv Composer *\/\n\n\/* custom css - generated by TagDiv Composer *\/\n.tdi_18{\r\n                    vertical-align: baseline;\r\n                }.tdi_18 > .wpb_wrapper,\r\n\t\t\t\t.tdi_18 > .wpb_wrapper > .tdc-elements{\r\n\t\t\t\t    display: block;\r\n\t\t\t\t}.tdi_18 > .wpb_wrapper > .tdc-elements{\r\n\t\t\t\t    width: 100%;\r\n\t\t\t\t}.tdi_18 > .wpb_wrapper > .vc_row_inner{\r\n\t\t\t\t    width: auto;\r\n\t\t\t\t}.tdi_18 > .wpb_wrapper{\r\n\t\t\t\t    width: auto;\r\n\t\t\t\t    height: auto;\r\n\t\t\t\t}\n<\/style><div class=\"wpb_wrapper\" ><div class=\"td_block_wrap td_block_text_with_title tdi_19 tagdiv-type td-pb-border-top td_block_template_9\"  data-td-block-uid=\"tdi_19\" >\n<style>\n\/* custom css - generated by TagDiv Composer *\/\n.td_block_text_with_title{\r\n                  margin-bottom: 44px;\r\n                  -webkit-transform: translateZ(0);\r\n                  transform: translateZ(0);\r\n                }.td_block_text_with_title p:last-child{\r\n                  margin-bottom: 0;\r\n                }\n<\/style><div class=\"td-block-title-wrap\"><\/div><div class=\"td_mod_wrap td-fix-index\"><p>Inscripci\u00f3n cerrada<\/p>\n<\/div><\/div><\/div><\/div><\/div><\/div><\/div><\/div>","protected":false},"excerpt":{"rendered":"","protected":false},"author":5,"featured_media":0,"parent":0,"menu_order":0,"comment_status":"closed","ping_status":"closed","template":"","meta":{"_acf_changed":false,"_monsterinsights_skip_tracking":false,"_monsterinsights_sitenote_active":false,"_monsterinsights_sitenote_note":"","_monsterinsights_sitenote_category":0,"footnotes":""},"acf":[],"yoast_head":"<!-- This site is optimized with the Yoast SEO Premium plugin v23.0 (Yoast SEO v23.0) - https:\/\/yoast.com\/wordpress\/plugins\/seo\/ -->\n<title>INSCRIPCION &quot;GESTI\u00d3N CUERPO T\u00c9CNICO EN CATEGOR\u00cdAS DE FORMACI\u00d3N&quot; - FBCV<\/title>\n<meta name=\"robots\" content=\"index, follow, max-snippet:-1, max-image-preview:large, max-video-preview:-1\" \/>\n<link rel=\"canonical\" href=\"https:\/\/www.fbcv.es\/va\/area-tecnica\/formacion-continua-entrenadores\/inscripcion-78\/\" \/>\n<meta property=\"og:locale\" content=\"en_US\" \/>\n<meta property=\"og:type\" content=\"article\" \/>\n<meta property=\"og:title\" content=\"INSCRIPCION &quot;GESTI\u00d3N CUERPO T\u00c9CNICO EN CATEGOR\u00cdAS DE FORMACI\u00d3N&quot;\" \/>\n<meta property=\"og:url\" content=\"https:\/\/www.fbcv.es\/va\/area-tecnica\/formacion-continua-entrenadores\/inscripcion-78\/\" \/>\n<meta property=\"og:site_name\" content=\"FBCV\" \/>\n<meta name=\"twitter:card\" content=\"summary_large_image\" \/>\n<meta name=\"twitter:label1\" content=\"Est. reading time\" \/>\n\t<meta name=\"twitter:data1\" content=\"1 minute\" \/>\n<script type=\"application\/ld+json\" class=\"yoast-schema-graph\">{\"@context\":\"https:\/\/schema.org\",\"@graph\":[{\"@type\":\"WebPage\",\"@id\":\"https:\/\/www.fbcv.es\/area-tecnica\/formacion-continua-entrenadores\/inscripcion-78\/\",\"url\":\"https:\/\/www.fbcv.es\/area-tecnica\/formacion-continua-entrenadores\/inscripcion-78\/\",\"name\":\"INSCRIPCION \\\"GESTI\u00d3N CUERPO T\u00c9CNICO EN CATEGOR\u00cdAS DE FORMACI\u00d3N\\\" - FBCV\",\"isPartOf\":{\"@id\":\"https:\/\/www.fbcv.es\/#website\"},\"datePublished\":\"2025-04-04T11:16:38+00:00\",\"dateModified\":\"2025-04-04T11:16:38+00:00\",\"breadcrumb\":{\"@id\":\"https:\/\/www.fbcv.es\/area-tecnica\/formacion-continua-entrenadores\/inscripcion-78\/#breadcrumb\"},\"inLanguage\":\"va-ES\",\"potentialAction\":[{\"@type\":\"ReadAction\",\"target\":[\"https:\/\/www.fbcv.es\/area-tecnica\/formacion-continua-entrenadores\/inscripcion-78\/\"]}]},{\"@type\":\"BreadcrumbList\",\"@id\":\"https:\/\/www.fbcv.es\/area-tecnica\/formacion-continua-entrenadores\/inscripcion-78\/#breadcrumb\",\"itemListElement\":[{\"@type\":\"ListItem\",\"position\":1,\"name\":\"Portada\",\"item\":\"https:\/\/www.fbcv.es\/\"},{\"@type\":\"ListItem\",\"position\":2,\"name\":\"INSCRIPCION &#8220;GESTI\u00d3N CUERPO T\u00c9CNICO EN CATEGOR\u00cdAS DE FORMACI\u00d3N&#8221;\"}]},{\"@type\":\"WebSite\",\"@id\":\"https:\/\/www.fbcv.es\/#website\",\"url\":\"https:\/\/www.fbcv.es\/\",\"name\":\"FBCV\",\"description\":\"FBCV\",\"potentialAction\":[{\"@type\":\"SearchAction\",\"target\":{\"@type\":\"EntryPoint\",\"urlTemplate\":\"https:\/\/www.fbcv.es\/?s={search_term_string}\"},\"query-input\":\"required name=search_term_string\"}],\"inLanguage\":\"va-ES\"}]}<\/script>\n<!-- \/ Yoast SEO Premium plugin. -->","yoast_head_json":{"title":"INSCRIPCION \"GESTI\u00d3N CUERPO T\u00c9CNICO EN CATEGOR\u00cdAS DE FORMACI\u00d3N\" - FBCV","robots":{"index":"index","follow":"follow","max-snippet":"max-snippet:-1","max-image-preview":"max-image-preview:large","max-video-preview":"max-video-preview:-1"},"canonical":"https:\/\/www.fbcv.es\/va\/area-tecnica\/formacion-continua-entrenadores\/inscripcion-78\/","og_locale":"en_US","og_type":"article","og_title":"INSCRIPCION \"GESTI\u00d3N CUERPO T\u00c9CNICO EN CATEGOR\u00cdAS DE FORMACI\u00d3N\"","og_url":"https:\/\/www.fbcv.es\/va\/area-tecnica\/formacion-continua-entrenadores\/inscripcion-78\/","og_site_name":"FBCV","twitter_card":"summary_large_image","twitter_misc":{"Est. reading time":"1 minute"},"schema":{"@context":"https:\/\/schema.org","@graph":[{"@type":"WebPage","@id":"https:\/\/www.fbcv.es\/area-tecnica\/formacion-continua-entrenadores\/inscripcion-78\/","url":"https:\/\/www.fbcv.es\/area-tecnica\/formacion-continua-entrenadores\/inscripcion-78\/","name":"INSCRIPCION \"GESTI\u00d3N CUERPO T\u00c9CNICO EN CATEGOR\u00cdAS DE FORMACI\u00d3N\" - FBCV","isPartOf":{"@id":"https:\/\/www.fbcv.es\/#website"},"datePublished":"2025-04-04T11:16:38+00:00","dateModified":"2025-04-04T11:16:38+00:00","breadcrumb":{"@id":"https:\/\/www.fbcv.es\/area-tecnica\/formacion-continua-entrenadores\/inscripcion-78\/#breadcrumb"},"inLanguage":"va-ES","potentialAction":[{"@type":"ReadAction","target":["https:\/\/www.fbcv.es\/area-tecnica\/formacion-continua-entrenadores\/inscripcion-78\/"]}]},{"@type":"BreadcrumbList","@id":"https:\/\/www.fbcv.es\/area-tecnica\/formacion-continua-entrenadores\/inscripcion-78\/#breadcrumb","itemListElement":[{"@type":"ListItem","position":1,"name":"Portada","item":"https:\/\/www.fbcv.es\/"},{"@type":"ListItem","position":2,"name":"INSCRIPCION &#8220;GESTI\u00d3N CUERPO T\u00c9CNICO EN CATEGOR\u00cdAS DE FORMACI\u00d3N&#8221;"}]},{"@type":"WebSite","@id":"https:\/\/www.fbcv.es\/#website","url":"https:\/\/www.fbcv.es\/","name":"FBCV","description":"FBCV","potentialAction":[{"@type":"SearchAction","target":{"@type":"EntryPoint","urlTemplate":"https:\/\/www.fbcv.es\/?s={search_term_string}"},"query-input":"required name=search_term_string"}],"inLanguage":"va-ES"}]}},"_links":{"self":[{"href":"https:\/\/www.fbcv.es\/va\/wp-json\/wp\/v2\/pages\/123724"}],"collection":[{"href":"https:\/\/www.fbcv.es\/va\/wp-json\/wp\/v2\/pages"}],"about":[{"href":"https:\/\/www.fbcv.es\/va\/wp-json\/wp\/v2\/types\/page"}],"author":[{"embeddable":true,"href":"https:\/\/www.fbcv.es\/va\/wp-json\/wp\/v2\/users\/5"}],"replies":[{"embeddable":true,"href":"https:\/\/www.fbcv.es\/va\/wp-json\/wp\/v2\/comments?post=123724"}],"version-history":[{"count":1,"href":"https:\/\/www.fbcv.es\/va\/wp-json\/wp\/v2\/pages\/123724\/revisions"}],"predecessor-version":[{"id":123725,"href":"https:\/\/www.fbcv.es\/va\/wp-json\/wp\/v2\/pages\/123724\/revisions\/123725"}],"wp:attachment":[{"href":"https:\/\/www.fbcv.es\/va\/wp-json\/wp\/v2\/media?parent=123724"}],"curies":[{"name":"wp","href":"https:\/\/api.w.org\/{rel}","templated":true}]}}